{"id":1527,"date":"2016-04-15T02:09:12","date_gmt":"2016-04-15T00:09:12","guid":{"rendered":"http:\/\/hsv-ovenhausen.de\/?page_id=1527"},"modified":"2016-04-15T19:10:13","modified_gmt":"2016-04-15T17:10:13","slug":"2015-2","status":"publish","type":"page","link":"\/?page_id=1527","title":{"rendered":"2015"},"content":{"rendered":"<p>HSV Ovenhausen<\/p>\n<p>Bei den deutschen Meisterschaften LG Auflage Senioren A &#8211; 10 Meter am vergangenen Wochenende in Dortmund konnte der HSV seine hohen Erwartungen leider nicht ganz erf\u00fcllen.<\/p>\n<p>Als diesj\u00e4hriger Landesmeister mit 899 von 900 m\u00f6glichen Ring als Mitfavorit f\u00fcr den Titel gestartet, hielten die Nerven bei den Mannschaftssch\u00fctzen jedoch den extremen Anforderungen nicht Stand. Martin Bahr 299, Elmar Dr\u00fcke 299 und Ewald Hanke 296 erzielten insgesamt 894 Ring. Von 212 Mannschaften belegte der HSV somit immer noch einen hervorragenden 23 Platz. DM wurde Essen-Bergeborbeck mit 899 Ring.<\/p>\n<p>Die Entt\u00e4uschung war den drei Sch\u00fctzen schon anzumerken, zumal einige Zuschauer aus Ovenhausen extra zur Unterst\u00fctzung nach Dortmund angereist waren.<\/p>\n<p>Betreuer Michael Hanke baute seine Mannschaft mit den Worten wieder auf: \u201eWir schie\u00dfen in der Spitzengruppe Deutschlands \u2013 das war unser erster Start als Mannschaft \u2013 das ist Sport \u2013 da h\u00e4ngt vieles von der Tagesform ab. Die 899 von der Landesmeisterschaft sind halt nicht t\u00e4glich wiederholbar. Ja, da geh\u00f6rt auch schon noch ein bisschen Gl\u00fcck dazu\u201c.<\/p>\n<p>Nach dem Wettkampf konnte wieder gelacht werden.<\/p>\n<p><a href=\"https:\/\/i0.wp.com\/hsv-ovenhausen.de\/hsv-neu\/wp-content\/uploads\/2016\/04\/20151018_154132-2.jpg\"><img data-recalc-dims=\"1\" loading=\"lazy\" decoding=\"async\" data-attachment-id=\"1588\" data-permalink=\"\/?attachment_id=1588\" data-orig-file=\"https:\/\/i0.wp.com\/hsv-ovenhausen.de\/hsv-neu\/wp-content\/uploads\/2016\/04\/20151018_154132-2.jpg?fit=2048%2C1152\" data-orig-size=\"2048,1152\" data-comments-opened=\"0\" data-image-meta=\"{&quot;aperture&quot;:&quot;2.2&quot;,&quot;credit&quot;:&quot;&quot;,&quot;camera&quot;:&quot;SM-G900F&quot;,&quot;caption&quot;:&quot;&quot;,&quot;created_timestamp&quot;:&quot;1445182892&quot;,&quot;copyright&quot;:&quot;&quot;,&quot;focal_length&quot;:&quot;4.8&quot;,&quot;iso&quot;:&quot;320&quot;,&quot;shutter_speed&quot;:&quot;0.03030303030303&quot;,&quot;title&quot;:&quot;&quot;,&quot;orientation&quot;:&quot;1&quot;}\" data-image-title=\"20151018_154132 (2)\" data-image-description=\"\" data-image-caption=\"\" data-large-file=\"https:\/\/i0.wp.com\/hsv-ovenhausen.de\/hsv-neu\/wp-content\/uploads\/2016\/04\/20151018_154132-2.jpg?fit=700%2C394\" class=\"alignnone  wp-image-1588\" src=\"https:\/\/i0.wp.com\/hsv-ovenhausen.de\/hsv-neu\/wp-content\/uploads\/2016\/04\/20151018_154132-2.jpg?resize=481%2C271\" alt=\"20151018_154132 (2)\" width=\"481\" height=\"271\" data-id=\"1588\" srcset=\"https:\/\/i0.wp.com\/hsv-ovenhausen.de\/hsv-neu\/wp-content\/uploads\/2016\/04\/20151018_154132-2.jpg?resize=300%2C169 300w, https:\/\/i0.wp.com\/hsv-ovenhausen.de\/hsv-neu\/wp-content\/uploads\/2016\/04\/20151018_154132-2.jpg?resize=768%2C432 768w, https:\/\/i0.wp.com\/hsv-ovenhausen.de\/hsv-neu\/wp-content\/uploads\/2016\/04\/20151018_154132-2.jpg?resize=1024%2C576 1024w, https:\/\/i0.wp.com\/hsv-ovenhausen.de\/hsv-neu\/wp-content\/uploads\/2016\/04\/20151018_154132-2.jpg?w=2048 2048w, https:\/\/i0.wp.com\/hsv-ovenhausen.de\/hsv-neu\/wp-content\/uploads\/2016\/04\/20151018_154132-2.jpg?w=1400 1400w\" sizes=\"auto, (max-width: 481px) 100vw, 481px\" \/><\/a><\/p>\n<p>Von links Elmar Dr\u00fcke-Martin Bahr-Ewald Hanke<\/p>\n<p>In der Einzelwertung:<\/p>\n<p>Martin Bahr 299 \u2013 Platz 76<\/p>\n<p>Elmar Dr\u00fcke 299 &#8211; Platz 83<\/p>\n<p>Ewald Hanke 296 \u2013 Platz 298<\/p>\n<p>Von insgesamt 600 Startern erreichten 28 Sch\u00fctzen das Maximum von 300 Ringen und durften um den Titel Deutscher Meister stechen. Martin und Elmar schossen im 23. bzw. 27 Schuss, jeweils die 9,9 \u2013 zur Erkl\u00e4rung; wir sprechen \u00fcber 0,3 mm die zur 10,0 gefehlt haben. Beide schossen die 9,9 in der letzten Serie und wurden somit von der Platzierung hinten eingereiht. Die \u201e299 Platzierung\u201c beginnt mit Platz 29 &#8211; so eng ist die Leistungsdichte.<\/p>\n<p>Elmar Dr\u00fcke dazu: \u201eSchade, wir w\u00e4ren gerne beim Stechen dabei gewesen!\u201c<\/p>\n","protected":false},"excerpt":{"rendered":"<p>HSV Ovenhausen Bei den deutschen Meisterschaften LG Auflage Senioren A &#8211; 10 Meter am vergangenen Wochenende in Dortmund konnte der HSV seine hohen Erwartungen leider nicht ganz erf\u00fcllen. Als diesj\u00e4hriger Landesmeister mit 899 von 900 m\u00f6glichen Ring als Mitfavorit f\u00fcr&hellip; <\/p>\n","protected":false},"author":6,"featured_media":0,"parent":1457,"menu_order":0,"comment_status":"closed","ping_status":"closed","template":"","meta":{"jetpack_post_was_ever_published":false,"footnotes":""},"class_list":["post-1527","page","type-page","status-publish","hentry"],"jetpack_sharing_enabled":true,"jetpack_shortlink":"https:\/\/wp.me\/P7qpVN-oD","jetpack-related-posts":[{"id":1541,"url":"\/?page_id=1541","url_meta":{"origin":1527,"position":0},"title":"2015 Senioren A","author":"Martin Bahr","date":"15. April 2016","format":false,"excerpt":"Die Landesmeisterschaften 2015 bei den \"Senioren A\" standen ganz im Zeichen des HSV-Ovenhausen. Geschossen wurde Luftgewehr auf 10 Meter Entfernung. Gerade p\u00fcnktlich zum gro\u00dfen Heimatfest haben die Sch\u00fctzen\u00a0Elmar Dr\u00fcke 299 Ring, Martin Bahr 300 Ring und Ewald Hanke 300 Ring\u00a0diese tolle\u00a0Leistung abrufen k\u00f6nnen. Mit 899 von 900 M\u00f6glichen wurde der\u2026","rel":"","context":"\u00c4hnlicher Beitrag","block_context":{"text":"\u00c4hnlicher Beitrag","link":""},"img":{"alt_text":"","src":"https:\/\/i0.wp.com\/hsv-ovenhausen.de\/hsv-neu\/wp-content\/uploads\/2016\/04\/DSC_6684_pp-1.jpg?fit=1200%2C800&resize=350%2C200","width":350,"height":200,"srcset":"https:\/\/i0.wp.com\/hsv-ovenhausen.de\/hsv-neu\/wp-content\/uploads\/2016\/04\/DSC_6684_pp-1.jpg?fit=1200%2C800&resize=350%2C200 1x, https:\/\/i0.wp.com\/hsv-ovenhausen.de\/hsv-neu\/wp-content\/uploads\/2016\/04\/DSC_6684_pp-1.jpg?fit=1200%2C800&resize=525%2C300 1.5x, https:\/\/i0.wp.com\/hsv-ovenhausen.de\/hsv-neu\/wp-content\/uploads\/2016\/04\/DSC_6684_pp-1.jpg?fit=1200%2C800&resize=700%2C400 2x, https:\/\/i0.wp.com\/hsv-ovenhausen.de\/hsv-neu\/wp-content\/uploads\/2016\/04\/DSC_6684_pp-1.jpg?fit=1200%2C800&resize=1050%2C600 3x"},"classes":[]},{"id":2045,"url":"\/?page_id=2045","url_meta":{"origin":1527,"position":1},"title":"2016","author":"Martin Bahr","date":"23. April 2016","format":false,"excerpt":"HSV Ovenhausen dominiert in Warburg Schie\u00dfen: Bei den Kreismeisterschaften 2016\u00a0gewinnen Hanke, Bahr und Dr\u00fcke alle Disziplinen \u00a5 Ovenhausen (nw). Erfolgreicher geht es kaum \u2013 bei allen Starts siegten die Senioren A des Heimatsch\u00fctzenvereins Ovenhausen in der Mannschafts- sowie in der Einzelwertung bei den Kreismeisterschaften in Warburg. In der Disziplin Kleinkaliber\u2026","rel":"","context":"\u00c4hnlicher Beitrag","block_context":{"text":"\u00c4hnlicher Beitrag","link":""},"img":{"alt_text":"","src":"https:\/\/i0.wp.com\/hsv-ovenhausen.de\/hsv-neu\/wp-content\/uploads\/2017\/01\/1111120151018_154136-300x180.jpg?resize=350%2C200","width":350,"height":200,"srcset":"https:\/\/i0.wp.com\/hsv-ovenhausen.de\/hsv-neu\/wp-content\/uploads\/2017\/01\/1111120151018_154136-300x180.jpg?resize=350%2C200 1x, https:\/\/i0.wp.com\/hsv-ovenhausen.de\/hsv-neu\/wp-content\/uploads\/2017\/01\/1111120151018_154136-300x180.jpg?resize=525%2C300 1.5x"},"classes":[]},{"id":2024,"url":"\/?page_id=2024","url_meta":{"origin":1527,"position":2},"title":"2016","author":"Martin Bahr","date":"21. April 2016","format":false,"excerpt":"HSV Ovenhausen dominiert in Warburg Schie\u00dfen: Bei den Kreismeisterschaften gewinnen Hanke, Bahr und Dr\u00fcke alle Disziplinen \u00a5 Ovenhausen (nw). Erfolgreicher geht es kaum \u2013 bei allen Starts siegten die Senioren A des Heimatsch\u00fctzenvereins Ovenhausen in der Mannschafts- sowie in der Einzelwertung bei den Kreismeisterschaften in Warburg. In der Disziplin Kleinkaliber\u2026","rel":"","context":"\u00c4hnlicher Beitrag","block_context":{"text":"\u00c4hnlicher Beitrag","link":""},"img":{"alt_text":"","src":"https:\/\/i0.wp.com\/hsv-ovenhausen.de\/hsv-neu\/wp-content\/uploads\/2016\/04\/DSC_6684_pp-4-300x200.jpg?resize=350%2C200","width":350,"height":200,"srcset":"https:\/\/i0.wp.com\/hsv-ovenhausen.de\/hsv-neu\/wp-content\/uploads\/2016\/04\/DSC_6684_pp-4-300x200.jpg?resize=350%2C200 1x, https:\/\/i0.wp.com\/hsv-ovenhausen.de\/hsv-neu\/wp-content\/uploads\/2016\/04\/DSC_6684_pp-4-300x200.jpg?resize=525%2C300 1.5x"},"classes":[]},{"id":2051,"url":"\/?page_id=2051","url_meta":{"origin":1527,"position":3},"title":"2016","author":"Martin Bahr","date":"23. April 2016","format":false,"excerpt":"Die Senioren A des HSV Ovenhausen pr\u00e4sentierten sich in guter Form \u2013 Bei den Bezirksmeisterschaften \u201eLuftgewehr Auflage\u201c in H\u00f6velhof 2016\u00a0lie\u00dfen die Sch\u00fctzen des HSV Elmar Dr\u00fcke 299 Ring \u2013 Martin Bahr 299 Ring \u2013 Ewald Hanke 298 Ring nichts anbrennen und sicherten sich souver\u00e4n den Titel (Bezirksmeister) 1)\u00a0\u00a0\u00a0\u00a0 HSV Ovenhausen\u2026","rel":"","context":"\u00c4hnlicher Beitrag","block_context":{"text":"\u00c4hnlicher Beitrag","link":""},"img":{"alt_text":"","src":"https:\/\/i0.wp.com\/hsv-ovenhausen.de\/hsv-neu\/wp-content\/uploads\/2017\/01\/1111120151018_154136-300x180.jpg?resize=350%2C200","width":350,"height":200,"srcset":"https:\/\/i0.wp.com\/hsv-ovenhausen.de\/hsv-neu\/wp-content\/uploads\/2017\/01\/1111120151018_154136-300x180.jpg?resize=350%2C200 1x, https:\/\/i0.wp.com\/hsv-ovenhausen.de\/hsv-neu\/wp-content\/uploads\/2017\/01\/1111120151018_154136-300x180.jpg?resize=525%2C300 1.5x"},"classes":[]},{"id":29,"url":"\/?page_id=29","url_meta":{"origin":1527,"position":4},"title":"Schie\u00dfsport (alte Seite)","author":"Martin Bahr","date":"12. August 2014","format":false,"excerpt":"Spitzenreiter in der Leistungsklasse - HSV holt Top-Platzierungen und Titel Ob Luftgewehr oder Kleinkaliber \u2013 die Sportsch\u00fctzen des HSV Ovenhausen sind im Kreis H\u00f6xter die treffsichersten. Sogar auf Bundesebene hat es f\u00fcr einen Sportler im Oktober Grund zum Jubeln gegeben. Bei der Deutschen Meisterschaft in Hannover landete Ewald Hanke mit\u2026","rel":"","context":"\u00c4hnlicher Beitrag","block_context":{"text":"\u00c4hnlicher Beitrag","link":""},"img":{"alt_text":"Mit Kleinkaliber und Luftgewehr auf Titeljagd. Das sind die f\u00fcnf Sch\u00fctzen (von links): Ewald Hanke, Bernward Mutter, Martin Bahr, J\u00fcrgen Todt und Markus B\u00f6melburg. Der HSV Ovenhausen belegt in der Leistungsklasse Rang eins. Foto: Oliver Temme","src":"https:\/\/i0.wp.com\/test.hsv-ovenhausen.de\/hsv-neu\/wp-content\/uploads\/2014\/08\/Schiessgruppe.jpg?resize=350%2C200","width":350,"height":200},"classes":[]},{"id":2233,"url":"\/?page_id=2233","url_meta":{"origin":1527,"position":5},"title":"2016 Senioren A","author":"Martin Bahr","date":"28. Juni 2016","format":false,"excerpt":"Der HSV Ovenhausen, mit den Sch\u00fctzen Ewald Hanke, Martin Bahr und Elmar Dr\u00fcke hat bei den Landesmeisterschaften in Dortmund, in der Disziplin LG 10 Meter, wieder einen Podestplatz erreicht. Die 899 Ring vom letzten Jahr konnten leider nicht wiederholt werden, aber die geschossenen 895 Ring reichten zur Bronzemedaille. Martin Bahr\u2026","rel":"","context":"\u00c4hnlicher Beitrag","block_context":{"text":"\u00c4hnlicher Beitrag","link":""},"img":{"alt_text":"IMG-20160626-WA0013","src":"https:\/\/i0.wp.com\/hsv-ovenhausen.de\/hsv-neu\/wp-content\/uploads\/2016\/06\/IMG-20160626-WA0013-300x169.jpg?resize=350%2C200","width":350,"height":200,"srcset":"https:\/\/i0.wp.com\/hsv-ovenhausen.de\/hsv-neu\/wp-content\/uploads\/2016\/06\/IMG-20160626-WA0013-300x169.jpg?resize=350%2C200 1x, https:\/\/i0.wp.com\/hsv-ovenhausen.de\/hsv-neu\/wp-content\/uploads\/2016\/06\/IMG-20160626-WA0013-300x169.jpg?resize=525%2C300 1.5x"},"classes":[]}],"_links":{"self":[{"href":"\/index.php?rest_route=\/wp\/v2\/pages\/1527","targetHints":{"allow":["GET"]}}],"collection":[{"href":"\/index.php?rest_route=\/wp\/v2\/pages"}],"about":[{"href":"\/index.php?rest_route=\/wp\/v2\/types\/page"}],"author":[{"embeddable":true,"href":"\/index.php?rest_route=\/wp\/v2\/users\/6"}],"replies":[{"embeddable":true,"href":"\/index.php?rest_route=%2Fwp%2Fv2%2Fcomments&post=1527"}],"version-history":[{"count":5,"href":"\/index.php?rest_route=\/wp\/v2\/pages\/1527\/revisions"}],"predecessor-version":[{"id":1589,"href":"\/index.php?rest_route=\/wp\/v2\/pages\/1527\/revisions\/1589"}],"up":[{"embeddable":true,"href":"\/index.php?rest_route=\/wp\/v2\/pages\/1457"}],"wp:attachment":[{"href":"\/index.php?rest_route=%2Fwp%2Fv2%2Fmedia&parent=1527"}],"curies":[{"name":"wp","href":"https:\/\/api.w.org\/{rel}","templated":true}]}}