{"id":1537,"date":"2016-04-15T02:12:31","date_gmt":"2016-04-15T00:12:31","guid":{"rendered":"http:\/\/hsv-ovenhausen.de\/?page_id=1537"},"modified":"2016-06-28T16:41:33","modified_gmt":"2016-06-28T14:41:33","slug":"2015-2","status":"publish","type":"page","link":"\/?page_id=1537","title":{"rendered":"2015 Senioren A"},"content":{"rendered":"<p>Senioren A<\/p>\n<p>F\u00fcr den HSV ist diese Turnier leider nicht so gut gelaufen. Trotz des vielen Trainings konnten die eigenen\u00a0Erwartungen auch nicht nur ann\u00e4hernd erf\u00fcllt werden.<\/p>\n<p>Die Sch\u00fctzen &#8211;\u00a0Martin Bahr 290 Ring &#8211; Ewald Hanke 285 Ring und Elmar Dr\u00fcke 281 Ring waren mit diesen Ergebnissen \u00fcberhaupt nicht zufrieden. F\u00fcr die Mannschaft bedeuten diese 856 Ring &#8222;Platz Neun&#8220; von 24 startenden Mannschaften.<\/p>\n<p>Die Qualifikation f\u00fcr die Deutsche Meisterschaft liegt aber dieses Jahr bei 857 Ring. Somit wurde die Quali knapp\u00a0verfehlt.<\/p>\n<ol>\n<li>F\u00fcr die Einzelwertung &#8211; Martin Bahr Platz 14 &#8211; Ewald Hanke Platz 33 und Elmar Dr\u00fcke Platz\u00a043 &#8211; die Quali f\u00fcr die DM in der Einzelwertung lag bei 289. Martin Bahr hat als einziger\u00a0die Quali f\u00fcr Hannover geschafft.<\/li>\n<\/ol>\n<p><a href=\"https:\/\/i0.wp.com\/hsv-ovenhausen.de\/hsv-neu\/wp-content\/uploads\/2016\/04\/DSC_6684_pp-3.jpg\"><img data-recalc-dims=\"1\" loading=\"lazy\" decoding=\"async\" data-attachment-id=\"1971\" data-permalink=\"\/?attachment_id=1971\" data-orig-file=\"https:\/\/i0.wp.com\/hsv-ovenhausen.de\/hsv-neu\/wp-content\/uploads\/2016\/04\/DSC_6684_pp-3.jpg?fit=2000%2C1333\" data-orig-size=\"2000,1333\" data-comments-opened=\"0\" data-image-meta=\"{&quot;aperture&quot;:&quot;9&quot;,&quot;credit&quot;:&quot;Wollesen&quot;,&quot;camera&quot;:&quot;NIKON D610&quot;,&quot;caption&quot;:&quot;&quot;,&quot;created_timestamp&quot;:&quot;1420489560&quot;,&quot;copyright&quot;:&quot;CLAUDIA WOLLESEN&quot;,&quot;focal_length&quot;:&quot;36&quot;,&quot;iso&quot;:&quot;500&quot;,&quot;shutter_speed&quot;:&quot;0.005&quot;,&quot;title&quot;:&quot;&quot;,&quot;orientation&quot;:&quot;0&quot;}\" data-image-title=\"DSC_6684_pp\" data-image-description=\"\" data-image-caption=\"\" data-large-file=\"https:\/\/i0.wp.com\/hsv-ovenhausen.de\/hsv-neu\/wp-content\/uploads\/2016\/04\/DSC_6684_pp-3.jpg?fit=700%2C466\" class=\"alignnone wp-image-1971\" src=\"https:\/\/i0.wp.com\/hsv-ovenhausen.de\/hsv-neu\/wp-content\/uploads\/2016\/04\/DSC_6684_pp-3.jpg?resize=429%2C286\" alt=\"DSC_6684_pp\" width=\"429\" height=\"286\" data-id=\"1971\" srcset=\"https:\/\/i0.wp.com\/hsv-ovenhausen.de\/hsv-neu\/wp-content\/uploads\/2016\/04\/DSC_6684_pp-3.jpg?resize=300%2C200 300w, https:\/\/i0.wp.com\/hsv-ovenhausen.de\/hsv-neu\/wp-content\/uploads\/2016\/04\/DSC_6684_pp-3.jpg?resize=768%2C512 768w, https:\/\/i0.wp.com\/hsv-ovenhausen.de\/hsv-neu\/wp-content\/uploads\/2016\/04\/DSC_6684_pp-3.jpg?resize=1024%2C682 1024w, https:\/\/i0.wp.com\/hsv-ovenhausen.de\/hsv-neu\/wp-content\/uploads\/2016\/04\/DSC_6684_pp-3.jpg?w=2000 2000w, https:\/\/i0.wp.com\/hsv-ovenhausen.de\/hsv-neu\/wp-content\/uploads\/2016\/04\/DSC_6684_pp-3.jpg?w=1400 1400w\" sizes=\"auto, (max-width: 429px) 100vw, 429px\" \/><\/a><\/p>\n<p>von links: Elmar Dr\u00fcke &#8211; Ewald Hanke &#8211; Martin Bahr<\/p>\n<p>Auch unser <span style=\"color: #0000ff;\">J\u00fcrgen Todt der bei den Senioren als Einzelsch\u00fctze<\/span> starten durfte, blieb weit hinter den Erwartungen zur\u00fcck. W\u00e4hrend er sonst immer\u00a0292 bis &#8222;298&#8220;- wie bei den Bezirksmeisterschaften erreicht, schaffte er hier in Dortmund gerade mal 287 Ring. Mit diesem Ergebnis landetet er auf Platz 19.<\/p>\n<p><a href=\"https:\/\/i0.wp.com\/hsv-ovenhausen.de\/hsv-neu\/wp-content\/uploads\/2016\/04\/DSC_6660-1.jpg\"><img data-recalc-dims=\"1\" loading=\"lazy\" decoding=\"async\" data-attachment-id=\"1982\" data-permalink=\"\/?attachment_id=1982\" data-orig-file=\"https:\/\/i0.wp.com\/hsv-ovenhausen.de\/hsv-neu\/wp-content\/uploads\/2016\/04\/DSC_6660-1.jpg?fit=1273%2C1909\" data-orig-size=\"1273,1909\" data-comments-opened=\"0\" data-image-meta=\"{&quot;aperture&quot;:&quot;9&quot;,&quot;credit&quot;:&quot;Wollesen&quot;,&quot;camera&quot;:&quot;NIKON D610&quot;,&quot;caption&quot;:&quot;&quot;,&quot;created_timestamp&quot;:&quot;1420488407&quot;,&quot;copyright&quot;:&quot;CLAUDIA WOLLESEN&quot;,&quot;focal_length&quot;:&quot;36&quot;,&quot;iso&quot;:&quot;500&quot;,&quot;shutter_speed&quot;:&quot;0.005&quot;,&quot;title&quot;:&quot;&quot;,&quot;orientation&quot;:&quot;1&quot;}\" data-image-title=\"DSC_6660\" data-image-description=\"\" data-image-caption=\"\" data-large-file=\"https:\/\/i0.wp.com\/hsv-ovenhausen.de\/hsv-neu\/wp-content\/uploads\/2016\/04\/DSC_6660-1.jpg?fit=683%2C1024\" class=\"alignnone size-medium wp-image-1982\" src=\"https:\/\/i0.wp.com\/hsv-ovenhausen.de\/hsv-neu\/wp-content\/uploads\/2016\/04\/DSC_6660-1.jpg?resize=200%2C300\" alt=\"DSC_6660\" width=\"200\" height=\"300\" data-id=\"1982\" srcset=\"https:\/\/i0.wp.com\/hsv-ovenhausen.de\/hsv-neu\/wp-content\/uploads\/2016\/04\/DSC_6660-1.jpg?resize=200%2C300 200w, https:\/\/i0.wp.com\/hsv-ovenhausen.de\/hsv-neu\/wp-content\/uploads\/2016\/04\/DSC_6660-1.jpg?resize=768%2C1152 768w, https:\/\/i0.wp.com\/hsv-ovenhausen.de\/hsv-neu\/wp-content\/uploads\/2016\/04\/DSC_6660-1.jpg?resize=683%2C1024 683w, https:\/\/i0.wp.com\/hsv-ovenhausen.de\/hsv-neu\/wp-content\/uploads\/2016\/04\/DSC_6660-1.jpg?w=1273 1273w\" sizes=\"auto, (max-width: 200px) 100vw, 200px\" \/><\/a><\/p>\n<p>J\u00fcrgen Todt<\/p>\n<p>&nbsp;<\/p>\n<p>&nbsp;<\/p>\n<p>&nbsp;<\/p>\n<p>&nbsp;<\/p>\n<p>&nbsp;<\/p>\n<p>&nbsp;<\/p>\n<p>&nbsp;<\/p>\n","protected":false},"excerpt":{"rendered":"<p>Senioren A F\u00fcr den HSV ist diese Turnier leider nicht so gut gelaufen. Trotz des vielen Trainings konnten die eigenen\u00a0Erwartungen auch nicht nur ann\u00e4hernd erf\u00fcllt werden. Die Sch\u00fctzen &#8211;\u00a0Martin Bahr 290 Ring &#8211; Ewald Hanke 285 Ring und Elmar Dr\u00fcke&hellip; <\/p>\n","protected":false},"author":6,"featured_media":0,"parent":1424,"menu_order":0,"comment_status":"closed","ping_status":"closed","template":"","meta":{"jetpack_post_was_ever_published":false,"footnotes":""},"class_list":["post-1537","page","type-page","status-publish","hentry"],"jetpack_sharing_enabled":true,"jetpack_shortlink":"https:\/\/wp.me\/P7qpVN-oN","jetpack-related-posts":[{"id":1481,"url":"\/?page_id=1481","url_meta":{"origin":1537,"position":0},"title":"2016","author":"Martin Bahr","date":"13. April 2016","format":false,"excerpt":"HSV Ovenhausen ist Bezirksmeister Die \u201eSenioren A\u201c des HSV Ovenhausen sicherten sich den Bezirksmeistertitel beim KK-Schie\u00dfen \u00fcber 50 Meter in H\u00f6velhof mit 870 Ring. Platz 1\u00a0\u00a0\u00a0\u00a0\u00a0\u00a0\u00a0\u00a0\u00a0\u00a0\u00a0\u00a0 HSV Ovenhausen\u00a0\u00a0\u00a0\u00a0\u00a0\u00a0\u00a0\u00a0\u00a0\u00a0\u00a0\u00a0\u00a0\u00a0\u00a0\u00a0\u00a0\u00a0 870 Ring Platz 2\u00a0\u00a0\u00a0\u00a0\u00a0\u00a0\u00a0\u00a0\u00a0\u00a0\u00a0\u00a0 ST.Hubertus Brilon\u00a0\u00a0\u00a0\u00a0\u00a0\u00a0\u00a0\u00a0\u00a0\u00a0\u00a0\u00a0\u00a0\u00a0\u00a0 856 Ring Platz 3\u00a0\u00a0\u00a0\u00a0\u00a0\u00a0\u00a0\u00a0\u00a0\u00a0\u00a0\u00a0 BSV Brakel 2\u00a0\u00a0\u00a0\u00a0\u00a0\u00a0\u00a0\u00a0\u00a0\u00a0\u00a0\u00a0\u00a0\u00a0\u00a0\u00a0\u00a0\u00a0\u00a0\u00a0\u00a0\u00a0\u00a0\u00a0\u00a0 841 Ring Platz 4\u00a0\u00a0\u00a0\u00a0\u00a0\u00a0\u00a0\u00a0\u00a0\u00a0\u00a0\u00a0 BSV Brakel 1\u00a0\u00a0\u00a0\u00a0\u00a0\u00a0\u00a0\u00a0\u00a0\u00a0\u00a0\u00a0\u00a0\u00a0\u00a0\u00a0\u00a0\u00a0\u00a0\u00a0\u00a0\u00a0\u00a0\u00a0\u00a0 835 Ring\u2026","rel":"","context":"\u00c4hnlicher Beitrag","block_context":{"text":"\u00c4hnlicher Beitrag","link":""},"img":{"alt_text":"DSC_6684_pp","src":"https:\/\/i0.wp.com\/hsv-ovenhausen.de\/hsv-neu\/wp-content\/uploads\/2016\/04\/DSC_6684_pp-3-300x200.jpg?resize=350%2C200","width":350,"height":200},"classes":[]},{"id":1529,"url":"\/?page_id=1529","url_meta":{"origin":1537,"position":1},"title":"2015","author":"Martin Bahr","date":"15. April 2016","format":false,"excerpt":"Senioren A -\u00a0KK 50 Meter Die Sch\u00fctzen Ewald Hanke - Martin Bahr und Elmar Dr\u00fcke sicherten sich bei den diesj\u00e4hrigen Kreismeisterschaften in H\u00f6xter den Titel. In der Einzelwertung belegten die Sch\u00fctzen auch gleich nur vordere\u00a0Pl\u00e4tze. Kreismeister wurde\u00a0Ewald Hanke\u00a0mit\u00a0298 Ring -\u00a0vor Martin Bahr, der mit 294 Ring\u00a0Platz 2 belegte.\u00a0Den\u00a0siebten Platz\u00a0belegte Elmar\u2026","rel":"","context":"\u00c4hnlicher Beitrag","block_context":{"text":"\u00c4hnlicher Beitrag","link":""},"img":{"alt_text":"DSC_6684_pp","src":"https:\/\/i0.wp.com\/hsv-ovenhausen.de\/hsv-neu\/wp-content\/uploads\/2016\/04\/DSC_6684_pp-3-300x200.jpg?resize=350%2C200","width":350,"height":200},"classes":[]},{"id":1541,"url":"\/?page_id=1541","url_meta":{"origin":1537,"position":2},"title":"2015 Senioren A","author":"Martin Bahr","date":"15. April 2016","format":false,"excerpt":"Die Landesmeisterschaften 2015 bei den \"Senioren A\" standen ganz im Zeichen des HSV-Ovenhausen. Geschossen wurde Luftgewehr auf 10 Meter Entfernung. Gerade p\u00fcnktlich zum gro\u00dfen Heimatfest haben die Sch\u00fctzen\u00a0Elmar Dr\u00fcke 299 Ring, Martin Bahr 300 Ring und Ewald Hanke 300 Ring\u00a0diese tolle\u00a0Leistung abrufen k\u00f6nnen. Mit 899 von 900 M\u00f6glichen wurde der\u2026","rel":"","context":"\u00c4hnlicher Beitrag","block_context":{"text":"\u00c4hnlicher Beitrag","link":""},"img":{"alt_text":"","src":"https:\/\/i0.wp.com\/hsv-ovenhausen.de\/hsv-neu\/wp-content\/uploads\/2016\/04\/DSC_6684_pp-1.jpg?fit=1200%2C800&resize=350%2C200","width":350,"height":200,"srcset":"https:\/\/i0.wp.com\/hsv-ovenhausen.de\/hsv-neu\/wp-content\/uploads\/2016\/04\/DSC_6684_pp-1.jpg?fit=1200%2C800&resize=350%2C200 1x, https:\/\/i0.wp.com\/hsv-ovenhausen.de\/hsv-neu\/wp-content\/uploads\/2016\/04\/DSC_6684_pp-1.jpg?fit=1200%2C800&resize=525%2C300 1.5x, https:\/\/i0.wp.com\/hsv-ovenhausen.de\/hsv-neu\/wp-content\/uploads\/2016\/04\/DSC_6684_pp-1.jpg?fit=1200%2C800&resize=700%2C400 2x, https:\/\/i0.wp.com\/hsv-ovenhausen.de\/hsv-neu\/wp-content\/uploads\/2016\/04\/DSC_6684_pp-1.jpg?fit=1200%2C800&resize=1050%2C600 3x"},"classes":[]},{"id":1533,"url":"\/?page_id=1533","url_meta":{"origin":1537,"position":3},"title":"2015","author":"Martin Bahr","date":"15. April 2016","format":false,"excerpt":"Senioren A - Luftgewehr 10 Meter Die Sch\u00fctzen Ewald Hanke - Martin Bahr und Elmar Dr\u00fcke schossen\u00a0bei den diesj\u00e4hrigen Kreismeisterschaften den Kreisrekord. \u00a0Mit sagenhaften 899 von 900 M\u00f6glichen verwiesen Sie die Konkurrenz in die Schranken. In der Einzelwertung belegten die Sch\u00fctzen auch gleich die ersten drei Pl\u00e4tze. Kreismeister wurde Martin\u2026","rel":"","context":"\u00c4hnlicher Beitrag","block_context":{"text":"\u00c4hnlicher Beitrag","link":""},"img":{"alt_text":"DSC_6684_pp","src":"https:\/\/i0.wp.com\/hsv-ovenhausen.de\/hsv-neu\/wp-content\/uploads\/2016\/04\/DSC_6684_pp-3-300x200.jpg?resize=350%2C200","width":350,"height":200},"classes":[]},{"id":2030,"url":"\/?page_id=2030","url_meta":{"origin":1537,"position":4},"title":"2016","author":"Martin Bahr","date":"22. April 2016","format":false,"excerpt":"Bezirksmeisterschaft KK 100 Meter \u2013 Senioren A Die erste Mannschaft des HSV Ovenhausen mit den Sch\u00fctzen: Ewald Hanke 298 \u2013 Elmar Dr\u00fcke 298 und Martin Bahr 297 sichern sich den Titel vor Brakel Platz 1\u00a0\u00a0\u00a0\u00a0\u00a0\u00a0\u00a0\u00a0\u00a0\u00a0\u00a0\u00a0\u00a0\u00a0\u00a0\u00a0 HSV Ovenhausen\u00a0\u00a0\u00a0\u00a0\u00a0\u00a0\u00a0\u00a0\u00a0\u00a0\u00a0 893 Ring Platz 2\u00a0\u00a0\u00a0\u00a0\u00a0\u00a0\u00a0\u00a0\u00a0\u00a0\u00a0\u00a0\u00a0\u00a0\u00a0\u00a0 Brakel I\u00a0\u00a0\u00a0\u00a0\u00a0\u00a0\u00a0\u00a0\u00a0\u00a0\u00a0\u00a0\u00a0\u00a0\u00a0\u00a0\u00a0\u00a0\u00a0\u00a0\u00a0\u00a0\u00a0\u00a0\u00a0\u00a0\u00a0\u00a0 887 Ring Von links: Elmar Dr\u00fcke \u2013\u2026","rel":"","context":"\u00c4hnlicher Beitrag","block_context":{"text":"\u00c4hnlicher Beitrag","link":""},"img":{"alt_text":"DSC_6684_pp","src":"https:\/\/i0.wp.com\/hsv-ovenhausen.de\/hsv-neu\/wp-content\/uploads\/2016\/04\/DSC_6684_pp-3-300x200.jpg?resize=350%2C200","width":350,"height":200},"classes":[]},{"id":1523,"url":"\/?page_id=1523","url_meta":{"origin":1537,"position":5},"title":"2015","author":"Martin Bahr","date":"15. April 2016","format":false,"excerpt":"Der HSV Ovenhausen war\u00a0auch bei den Bezirksmeisterschaften LG Auflage 10 Meter in H\u00f6velhof wieder sehr erfolgreich. In der Altersklasse \u201eSenioren A\u201c\u00a0 hat der HSV in der Mannschaftswertung mit den Sch\u00fctzen Martin Bahr 298 \u2013 Ewald Hanke 297 und Elmar Dr\u00fcke 286 -die Silbermedaille gewonnen. Martin Bahr konnte in der Einzelwertung\u00a0\u2026","rel":"","context":"\u00c4hnlicher Beitrag","block_context":{"text":"\u00c4hnlicher Beitrag","link":""},"img":{"alt_text":"DSC_6684_pp","src":"https:\/\/i0.wp.com\/hsv-ovenhausen.de\/hsv-neu\/wp-content\/uploads\/2016\/04\/DSC_6684_pp-300x200.jpg?resize=350%2C200","width":350,"height":200},"classes":[]}],"_links":{"self":[{"href":"\/index.php?rest_route=\/wp\/v2\/pages\/1537","targetHints":{"allow":["GET"]}}],"collection":[{"href":"\/index.php?rest_route=\/wp\/v2\/pages"}],"about":[{"href":"\/index.php?rest_route=\/wp\/v2\/types\/page"}],"author":[{"embeddable":true,"href":"\/index.php?rest_route=\/wp\/v2\/users\/6"}],"replies":[{"embeddable":true,"href":"\/index.php?rest_route=%2Fwp%2Fv2%2Fcomments&post=1537"}],"version-history":[{"count":13,"href":"\/index.php?rest_route=\/wp\/v2\/pages\/1537\/revisions"}],"predecessor-version":[{"id":2243,"href":"\/index.php?rest_route=\/wp\/v2\/pages\/1537\/revisions\/2243"}],"up":[{"embeddable":true,"href":"\/index.php?rest_route=\/wp\/v2\/pages\/1424"}],"wp:attachment":[{"href":"\/index.php?rest_route=%2Fwp%2Fv2%2Fmedia&parent=1537"}],"curies":[{"name":"wp","href":"https:\/\/api.w.org\/{rel}","templated":true}]}}