{"id":1929,"date":"2016-04-16T14:33:48","date_gmt":"2016-04-16T12:33:48","guid":{"rendered":"http:\/\/hsv-ovenhausen.de\/?page_id=1929"},"modified":"2016-04-26T23:22:22","modified_gmt":"2016-04-26T21:22:22","slug":"kreisschiesssport-hoexter-lg","status":"publish","type":"page","link":"\/?page_id=1929","title":{"rendered":"Kreisschie\u00dfsp. HX-LG"},"content":{"rendered":"","protected":false},"excerpt":{"rendered":"","protected":false},"author":6,"featured_media":0,"parent":29,"menu_order":0,"comment_status":"closed","ping_status":"closed","template":"","meta":{"jetpack_post_was_ever_published":false,"footnotes":""},"class_list":["post-1929","page","type-page","status-publish","hentry"],"jetpack_sharing_enabled":true,"jetpack_shortlink":"https:\/\/wp.me\/P7qpVN-v7","jetpack-related-posts":[{"id":1410,"url":"\/?page_id=1410","url_meta":{"origin":1929,"position":0},"title":"Kreisschie\u00dfsp. HX-KK","author":"Martin Bahr","date":"13. April 2016","format":false,"excerpt":"","rel":"","context":"\u00c4hnlicher Beitrag","block_context":{"text":"\u00c4hnlicher Beitrag","link":""},"img":{"alt_text":"","src":"","width":0,"height":0},"classes":[]},{"id":1961,"url":"\/?page_id=1961","url_meta":{"origin":1929,"position":1},"title":"Rundenwettk. LG","author":"Martin Bahr","date":"20. April 2016","format":false,"excerpt":"","rel":"","context":"\u00c4hnlicher Beitrag","block_context":{"text":"\u00c4hnlicher Beitrag","link":""},"img":{"alt_text":"","src":"","width":0,"height":0},"classes":[]},{"id":1461,"url":"\/?page_id=1461","url_meta":{"origin":1929,"position":2},"title":"Landesmeisterschaft LG","author":"Martin Bahr","date":"13. April 2016","format":false,"excerpt":"","rel":"","context":"\u00c4hnlicher Beitrag","block_context":{"text":"\u00c4hnlicher Beitrag","link":""},"img":{"alt_text":"","src":"","width":0,"height":0},"classes":[]},{"id":1457,"url":"\/?page_id=1457","url_meta":{"origin":1929,"position":3},"title":"Deutsche Meistersch. LG","author":"Martin Bahr","date":"13. April 2016","format":false,"excerpt":"","rel":"","context":"\u00c4hnlicher Beitrag","block_context":{"text":"\u00c4hnlicher Beitrag","link":""},"img":{"alt_text":"","src":"","width":0,"height":0},"classes":[]},{"id":1424,"url":"\/?page_id=1424","url_meta":{"origin":1929,"position":4},"title":"Landesmeisterschaft KK","author":"Martin Bahr","date":"13. April 2016","format":false,"excerpt":"","rel":"","context":"\u00c4hnlicher Beitrag","block_context":{"text":"\u00c4hnlicher Beitrag","link":""},"img":{"alt_text":"","src":"","width":0,"height":0},"classes":[]},{"id":2053,"url":"\/?page_id=2053","url_meta":{"origin":1929,"position":5},"title":"2016","author":"Martin Bahr","date":"23. April 2016","format":false,"excerpt":"","rel":"","context":"\u00c4hnlicher Beitrag","block_context":{"text":"\u00c4hnlicher Beitrag","link":""},"img":{"alt_text":"","src":"","width":0,"height":0},"classes":[]}],"_links":{"self":[{"href":"\/index.php?rest_route=\/wp\/v2\/pages\/1929","targetHints":{"allow":["GET"]}}],"collection":[{"href":"\/index.php?rest_route=\/wp\/v2\/pages"}],"about":[{"href":"\/index.php?rest_route=\/wp\/v2\/types\/page"}],"author":[{"embeddable":true,"href":"\/index.php?rest_route=\/wp\/v2\/users\/6"}],"replies":[{"embeddable":true,"href":"\/index.php?rest_route=%2Fwp%2Fv2%2Fcomments&post=1929"}],"version-history":[{"count":2,"href":"\/index.php?rest_route=\/wp\/v2\/pages\/1929\/revisions"}],"predecessor-version":[{"id":2117,"href":"\/index.php?rest_route=\/wp\/v2\/pages\/1929\/revisions\/2117"}],"up":[{"embeddable":true,"href":"\/index.php?rest_route=\/wp\/v2\/pages\/29"}],"wp:attachment":[{"href":"\/index.php?rest_route=%2Fwp%2Fv2%2Fmedia&parent=1929"}],"curies":[{"name":"wp","href":"https:\/\/api.w.org\/{rel}","templated":true}]}}