{"id":1931,"date":"2016-04-16T14:34:14","date_gmt":"2016-04-16T12:34:14","guid":{"rendered":"http:\/\/hsv-ovenhausen.de\/?page_id=1931"},"modified":"2016-04-24T21:59:14","modified_gmt":"2016-04-24T19:59:14","slug":"2015-2","status":"publish","type":"page","link":"\/?page_id=1931","title":{"rendered":"2015"},"content":{"rendered":"<p>Luftgewehr 1 Kreisklasse<\/p>\n<p>Geschossen wurden 10 Wettk\u00e4mpfe, bei denen jeder Sch\u00fctze jeweils 30 Schuss abzugeben hatte. Die Gegner waren: Ovenhausen II &#8211; Steinheim I &#8211; Jakobsberg I &#8211; Brakel III und Bellersen I<\/p>\n<table style=\"width: 583px;\">\n<tbody>\n<tr>\n<td style=\"width: 171px;\">Mannschaftsergebnis<\/td>\n<td style=\"width: 164px;\"><\/td>\n<td style=\"width: 74px;\"><\/td>\n<td style=\"width: 77.75px;\">Ringz.<\/td>\n<td style=\"width: 88.25px;\">Punkte<\/td>\n<\/tr>\n<tr>\n<td style=\"width: 171px;\"><\/td>\n<td style=\"width: 164px;\">HSV-Ovenhausen III<\/td>\n<td style=\"width: 74px;\">Platz 1<\/td>\n<td style=\"width: 77.75px;\">8989<\/td>\n<td style=\"width: 88.25px;\">20 : 00<\/td>\n<\/tr>\n<tr>\n<td style=\"width: 171px;\"><\/td>\n<td style=\"width: 164px;\"><\/td>\n<td style=\"width: 74px;\"><\/td>\n<td style=\"width: 77.75px;\"><\/td>\n<td style=\"width: 88.25px;\"><\/td>\n<\/tr>\n<tr>\n<td style=\"width: 171px;\">Einzelergebnisse<\/td>\n<td style=\"width: 164px;\"><\/td>\n<td style=\"width: 74px;\"><\/td>\n<td style=\"width: 77.75px;\"><\/td>\n<td style=\"width: 88.25px;\"><\/td>\n<\/tr>\n<tr>\n<td style=\"width: 171px;\"><\/td>\n<td style=\"width: 164px;\">Ewald, Hanke<\/td>\n<td style=\"width: 74px;\">Platz 1<\/td>\n<td style=\"width: 77.75px;\">2999<\/td>\n<td style=\"width: 88.25px;\"><\/td>\n<\/tr>\n<tr>\n<td style=\"width: 171px;\"><\/td>\n<td style=\"width: 164px;\">Martin, Bahr<\/td>\n<td style=\"width: 74px;\">Platz 2<\/td>\n<td style=\"width: 77.75px;\">2998<\/td>\n<td style=\"width: 88.25px;\"><\/td>\n<\/tr>\n<tr>\n<td style=\"width: 171px;\"><\/td>\n<td style=\"width: 164px;\">J\u00fcrgen, Todt<\/td>\n<td style=\"width: 74px;\">Platz 3<\/td>\n<td style=\"width: 77.75px;\">2992<\/td>\n<td style=\"width: 88.25px;\"><\/td>\n<\/tr>\n<\/tbody>\n<\/table>\n<p>Die Ovenhausener\u00a0Sch\u00fctzen\u00a0belegten in der Einzelwertung\u00a0Platz 1 bis 3 &#8211; und Ewald Hanke ist es sogar gelungen, bei 300 Schuss nur eine einzige &#8222;NEUN&#8220; zu schie\u00dfen. die restlichen 299 Sch\u00fcsse trafen die &#8222;ZEHN&#8220;. Das ist derzeitiger Rekord<\/p>\n<p><a href=\"https:\/\/i0.wp.com\/hsv-ovenhausen.de\/hsv-neu\/wp-content\/uploads\/2016\/04\/DSC_6696_pp.jpg\"><img data-recalc-dims=\"1\" loading=\"lazy\" decoding=\"async\" data-attachment-id=\"1907\" data-permalink=\"\/?attachment_id=1907\" data-orig-file=\"https:\/\/i0.wp.com\/hsv-ovenhausen.de\/hsv-neu\/wp-content\/uploads\/2016\/04\/DSC_6696_pp.jpg?fit=2000%2C1333\" data-orig-size=\"2000,1333\" data-comments-opened=\"0\" data-image-meta=\"{&quot;aperture&quot;:&quot;9&quot;,&quot;credit&quot;:&quot;Wollesen&quot;,&quot;camera&quot;:&quot;NIKON D610&quot;,&quot;caption&quot;:&quot;&quot;,&quot;created_timestamp&quot;:&quot;1420490311&quot;,&quot;copyright&quot;:&quot;CLAUDIA WOLLESEN&quot;,&quot;focal_length&quot;:&quot;36&quot;,&quot;iso&quot;:&quot;500&quot;,&quot;shutter_speed&quot;:&quot;0.00625&quot;,&quot;title&quot;:&quot;&quot;,&quot;orientation&quot;:&quot;0&quot;}\" data-image-title=\"DSC_6696_pp\" data-image-description=\"\" data-image-caption=\"\" data-large-file=\"https:\/\/i0.wp.com\/hsv-ovenhausen.de\/hsv-neu\/wp-content\/uploads\/2016\/04\/DSC_6696_pp.jpg?fit=700%2C466\" class=\"alignnone wp-image-1907\" src=\"https:\/\/i0.wp.com\/hsv-ovenhausen.de\/hsv-neu\/wp-content\/uploads\/2016\/04\/DSC_6696_pp.jpg?resize=485%2C323\" alt=\"DSC_6696_pp\" width=\"485\" height=\"323\" data-id=\"1907\" srcset=\"https:\/\/i0.wp.com\/hsv-ovenhausen.de\/hsv-neu\/wp-content\/uploads\/2016\/04\/DSC_6696_pp.jpg?resize=300%2C200 300w, https:\/\/i0.wp.com\/hsv-ovenhausen.de\/hsv-neu\/wp-content\/uploads\/2016\/04\/DSC_6696_pp.jpg?resize=768%2C512 768w, https:\/\/i0.wp.com\/hsv-ovenhausen.de\/hsv-neu\/wp-content\/uploads\/2016\/04\/DSC_6696_pp.jpg?resize=1024%2C682 1024w, https:\/\/i0.wp.com\/hsv-ovenhausen.de\/hsv-neu\/wp-content\/uploads\/2016\/04\/DSC_6696_pp.jpg?w=2000 2000w, https:\/\/i0.wp.com\/hsv-ovenhausen.de\/hsv-neu\/wp-content\/uploads\/2016\/04\/DSC_6696_pp.jpg?w=1400 1400w\" sizes=\"auto, (max-width: 485px) 100vw, 485px\" \/><\/a><\/p>\n<p>stehend von links: Elmar Dr\u00fcke &#8211; Rolf Ma\u00dfmann &#8211; Ewald Hanke &#8211; Martin Bahr &#8211;\u00a0\u00a0\u00a0\u00a0\u00a0\u00a0\u00a0\u00a0\u00a0\u00a0\u00a0\u00a0\u00a0 Markus B\u00f6melburg<\/p>\n<p>knieend von links: Bernward Mutter &#8211; J\u00fcrgen Todt &#8211; Robin Hoppe<\/p>\n<p>&nbsp;<\/p>\n<p>DIe vierte Mannschaft des HSV-Ovenhausen hat sich im ersten Jahr nach dem Aufstieg aus der zweiten Kreisklasse hervorragend geschlagen. Die Truppe hat nur die beiden Schie\u00dfen gegen Ovenhausen II verloren und musste ein Unentschieden hinnehmen.<\/p>\n<table style=\"width: 581px;\">\n<tbody>\n<tr>\n<td style=\"width: 171px;\">Mannschaftsergebnis<\/td>\n<td style=\"width: 164px;\"><\/td>\n<td style=\"width: 79.27px;\"><\/td>\n<td style=\"width: 71.72px;\">Ringz.<\/td>\n<td style=\"width: 88px;\">Punkte<\/td>\n<\/tr>\n<tr>\n<td style=\"width: 171px;\"><\/td>\n<td style=\"width: 164px;\">HSV-Ovenhausen IV<\/td>\n<td style=\"width: 79.27px;\">Platz 2<\/td>\n<td style=\"width: 71.72px;\">8898<\/td>\n<td style=\"width: 88px;\">15\u00a0: 05<\/td>\n<\/tr>\n<tr>\n<td style=\"width: 171px;\"><\/td>\n<td style=\"width: 164px;\"><\/td>\n<td style=\"width: 79.27px;\"><\/td>\n<td style=\"width: 71.72px;\"><\/td>\n<td style=\"width: 88px;\"><\/td>\n<\/tr>\n<tr>\n<td style=\"width: 171px;\">Einzelergebnisse<\/td>\n<td style=\"width: 164px;\"><\/td>\n<td style=\"width: 79.27px;\"><\/td>\n<td style=\"width: 71.72px;\"><\/td>\n<td style=\"width: 88px;\"><\/td>\n<\/tr>\n<tr>\n<td style=\"width: 171px;\"><\/td>\n<td style=\"width: 164px;\">Elmar, Dr\u00fcke<\/td>\n<td style=\"width: 79.27px;\">Platz 3<\/td>\n<td style=\"width: 71.72px;\">2992<\/td>\n<td style=\"width: 88px;\"><\/td>\n<\/tr>\n<tr>\n<td style=\"width: 171px;\"><\/td>\n<td style=\"width: 164px;\">Rolf, Ma\u00dfmann<\/td>\n<td style=\"width: 79.27px;\">Platz 7<\/td>\n<td style=\"width: 71.72px;\">2971<\/td>\n<td style=\"width: 88px;\"><\/td>\n<\/tr>\n<tr>\n<td style=\"width: 171px;\"><\/td>\n<td style=\"width: 164px;\">Bernward, Mutter<\/td>\n<td style=\"width: 79.27px;\">Platz 10<\/td>\n<td style=\"width: 71.72px;\">2962<\/td>\n<\/tr>\n<tr>\n<td style=\"width: 171px;\"><\/td>\n<td style=\"width: 164px;\">Robin, Hoppe<\/td>\n<td style=\"width: 79.27px;\">Platz 12<\/td>\n<td style=\"width: 71.72px;\">2958<\/td>\n<\/tr>\n<\/tbody>\n<\/table>\n<p>&nbsp;<\/p>\n","protected":false},"excerpt":{"rendered":"<p>Luftgewehr 1 Kreisklasse Geschossen wurden 10 Wettk\u00e4mpfe, bei denen jeder Sch\u00fctze jeweils 30 Schuss abzugeben hatte. Die Gegner waren: Ovenhausen II &#8211; Steinheim I &#8211; Jakobsberg I &#8211; Brakel III und Bellersen I Mannschaftsergebnis Ringz. Punkte HSV-Ovenhausen III Platz 1&hellip; <\/p>\n","protected":false},"author":6,"featured_media":0,"parent":1929,"menu_order":0,"comment_status":"closed","ping_status":"closed","template":"","meta":{"jetpack_post_was_ever_published":false,"footnotes":""},"class_list":["post-1931","page","type-page","status-publish","hentry"],"jetpack_sharing_enabled":true,"jetpack_shortlink":"https:\/\/wp.me\/P7qpVN-v9","jetpack-related-posts":[{"id":1419,"url":"\/?page_id=1419","url_meta":{"origin":1931,"position":0},"title":"Rundenwettk. KK","author":"Martin Bahr","date":"13. April 2016","format":false,"excerpt":"HSV Ovenhausen Die Rundenwettk\u00e4mpfe die von September bis Ende M\u00e4rz geschossen werden, wurden in den Klassen LG Auflage 10 Meter und KK Auflage 50 Meter in der Seniorenklasse vom HSV Ovenhausen dominiert. Die Rotjacken siegen in der Mannschafts- sowie in der Einzelwertung mit gro\u00dfem Abstand. KK Auflage 50 Meter Platz\u2026","rel":"","context":"\u00c4hnlicher Beitrag","block_context":{"text":"\u00c4hnlicher Beitrag","link":""},"img":{"alt_text":"DSC_6696_pp","src":"https:\/\/i0.wp.com\/hsv-ovenhausen.de\/hsv-neu\/wp-content\/uploads\/2016\/04\/DSC_6696_pp-300x200.jpg?resize=350%2C200","width":350,"height":200,"srcset":"https:\/\/i0.wp.com\/hsv-ovenhausen.de\/hsv-neu\/wp-content\/uploads\/2016\/04\/DSC_6696_pp-300x200.jpg?resize=350%2C200 1x, https:\/\/i0.wp.com\/hsv-ovenhausen.de\/hsv-neu\/wp-content\/uploads\/2016\/04\/DSC_6696_pp-300x200.jpg?resize=525%2C300 1.5x"},"classes":[]},{"id":2051,"url":"\/?page_id=2051","url_meta":{"origin":1931,"position":1},"title":"2016","author":"Martin Bahr","date":"23. April 2016","format":false,"excerpt":"Die Senioren A des HSV Ovenhausen pr\u00e4sentierten sich in guter Form \u2013 Bei den Bezirksmeisterschaften \u201eLuftgewehr Auflage\u201c in H\u00f6velhof 2016\u00a0lie\u00dfen die Sch\u00fctzen des HSV Elmar Dr\u00fcke 299 Ring \u2013 Martin Bahr 299 Ring \u2013 Ewald Hanke 298 Ring nichts anbrennen und sicherten sich souver\u00e4n den Titel (Bezirksmeister) 1)\u00a0\u00a0\u00a0\u00a0 HSV Ovenhausen\u2026","rel":"","context":"\u00c4hnlicher Beitrag","block_context":{"text":"\u00c4hnlicher Beitrag","link":""},"img":{"alt_text":"","src":"https:\/\/i0.wp.com\/hsv-ovenhausen.de\/hsv-neu\/wp-content\/uploads\/2017\/01\/1111120151018_154136-300x180.jpg?resize=350%2C200","width":350,"height":200,"srcset":"https:\/\/i0.wp.com\/hsv-ovenhausen.de\/hsv-neu\/wp-content\/uploads\/2017\/01\/1111120151018_154136-300x180.jpg?resize=350%2C200 1x, https:\/\/i0.wp.com\/hsv-ovenhausen.de\/hsv-neu\/wp-content\/uploads\/2017\/01\/1111120151018_154136-300x180.jpg?resize=525%2C300 1.5x"},"classes":[]},{"id":1963,"url":"\/?page_id=1963","url_meta":{"origin":1931,"position":2},"title":"2014\/2015","author":"Martin Bahr","date":"20. April 2016","format":false,"excerpt":"Rundenwettk\u00e4mpfe LG aufgelegt 10 Meter HSV Ovenhausen verteidigt souver\u00e4n den Titel P Name 1. 2. 3. 4. 5. 6. SA. 1 Ovenhausen I 896 894 893 898 899 897 5377 2 Brakel IV 890 889 892 893 881 888 5333 3 Brakel III 892 888 893 889 880 889 5331\u2026","rel":"","context":"\u00c4hnlicher Beitrag","block_context":{"text":"\u00c4hnlicher Beitrag","link":""},"img":{"alt_text":"DSC_6683","src":"https:\/\/i0.wp.com\/hsv-ovenhausen.de\/hsv-neu\/wp-content\/uploads\/2016\/04\/DSC_6683-300x200.jpg?resize=350%2C200","width":350,"height":200},"classes":[]},{"id":2573,"url":"\/?page_id=2573","url_meta":{"origin":1931,"position":3},"title":"2015\/2016","author":"Martin Bahr","date":"9. Januar 2017","format":false,"excerpt":"Auch die Rundenwettk\u00e4mpfe der Saison 2015\/2016 LG 10 Meter wurden souver\u00e4n gewonnen. In der Mannschaftswertung belegt der HSV Ovenhausen\u00a0die ersten beiden\u00a0 Pl\u00e4tze in der Abschlusstabelle \u00a0P \u00a0Verein\u00a0\u00a0 1 2 3 4 5 6 \u00a0SA 1 \u00a0HSV Ovenhausen I\u00a0\u00a0 894 896 897 893 899 897 5376 2 \u00a0HSV Ovenh. \u00a0II\u00a0\u00a0 894\u2026","rel":"","context":"\u00c4hnlicher Beitrag","block_context":{"text":"\u00c4hnlicher Beitrag","link":""},"img":{"alt_text":"","src":"https:\/\/i0.wp.com\/hsv-ovenhausen.de\/hsv-neu\/wp-content\/uploads\/2017\/01\/DSC_6696_pp-3-300x200.jpg?resize=350%2C200","width":350,"height":200,"srcset":"https:\/\/i0.wp.com\/hsv-ovenhausen.de\/hsv-neu\/wp-content\/uploads\/2017\/01\/DSC_6696_pp-3-300x200.jpg?resize=350%2C200 1x, https:\/\/i0.wp.com\/hsv-ovenhausen.de\/hsv-neu\/wp-content\/uploads\/2017\/01\/DSC_6696_pp-3-300x200.jpg?resize=525%2C300 1.5x"},"classes":[]},{"id":113,"url":"\/?page_id=113","url_meta":{"origin":1931,"position":4},"title":"Links","author":"Sebastian Werpup","date":"17. Januar 2015","format":false,"excerpt":"Ortschaft Ovenhausen Blaskapelle Ovenhausen L\u00f6schgruppe Ovenhausen TC 86 Ovenhausen TuS Ovenhausen Ovenh\u00e4user Musikanten Westf\u00e4lischer Sch\u00fctzenbund","rel":"","context":"\u00c4hnlicher Beitrag","block_context":{"text":"\u00c4hnlicher Beitrag","link":""},"img":{"alt_text":"","src":"","width":0,"height":0},"classes":[]},{"id":1545,"url":"\/?page_id=1545","url_meta":{"origin":1931,"position":5},"title":"2014\/2015","author":"Martin Bahr","date":"15. April 2016","format":false,"excerpt":"HSV Ovenhausen I auch bei den Rundenwettk\u00e4mpfen , die von Oktober bis M\u00e4rz ausgetragen werden, ganz vorne In der Disziplin Kleinkaliber (KK) 50 Meter -konnte der HSV Ovenhausen Platz 1. behaupten KK aufgelegt 50 Meter - Senioren - Mannschaftswertung P Name 1. 2. 3. 4. 5. 6. SA. 1 HSV\u2026","rel":"","context":"\u00c4hnlicher Beitrag","block_context":{"text":"\u00c4hnlicher Beitrag","link":""},"img":{"alt_text":"DSC_6683","src":"https:\/\/i0.wp.com\/hsv-ovenhausen.de\/hsv-neu\/wp-content\/uploads\/2016\/04\/DSC_6683-300x200.jpg?resize=350%2C200","width":350,"height":200,"srcset":"https:\/\/i0.wp.com\/hsv-ovenhausen.de\/hsv-neu\/wp-content\/uploads\/2016\/04\/DSC_6683-300x200.jpg?resize=350%2C200 1x, https:\/\/i0.wp.com\/hsv-ovenhausen.de\/hsv-neu\/wp-content\/uploads\/2016\/04\/DSC_6683-300x200.jpg?resize=525%2C300 1.5x"},"classes":[]}],"_links":{"self":[{"href":"\/index.php?rest_route=\/wp\/v2\/pages\/1931","targetHints":{"allow":["GET"]}}],"collection":[{"href":"\/index.php?rest_route=\/wp\/v2\/pages"}],"about":[{"href":"\/index.php?rest_route=\/wp\/v2\/types\/page"}],"author":[{"embeddable":true,"href":"\/index.php?rest_route=\/wp\/v2\/users\/6"}],"replies":[{"embeddable":true,"href":"\/index.php?rest_route=%2Fwp%2Fv2%2Fcomments&post=1931"}],"version-history":[{"count":11,"href":"\/index.php?rest_route=\/wp\/v2\/pages\/1931\/revisions"}],"predecessor-version":[{"id":2104,"href":"\/index.php?rest_route=\/wp\/v2\/pages\/1931\/revisions\/2104"}],"up":[{"embeddable":true,"href":"\/index.php?rest_route=\/wp\/v2\/pages\/1929"}],"wp:attachment":[{"href":"\/index.php?rest_route=%2Fwp%2Fv2%2Fmedia&parent=1931"}],"curies":[{"name":"wp","href":"https:\/\/api.w.org\/{rel}","templated":true}]}}