{"id":2024,"date":"2016-04-21T23:59:14","date_gmt":"2016-04-21T21:59:14","guid":{"rendered":"http:\/\/hsv-ovenhausen.de\/?page_id=2024"},"modified":"2017-01-09T18:53:13","modified_gmt":"2017-01-09T17:53:13","slug":"2016-2","status":"publish","type":"page","link":"\/?page_id=2024","title":{"rendered":"2016"},"content":{"rendered":"<p><b>HSV Ovenhausen <\/b><b>dominiert in Warburg<\/b><\/p>\n<p><span style=\"font-size: medium;\">Schie\u00dfen: <\/span><\/p>\n<p><span style=\"margin: 0px; color: black; font-family: 'MinionHMRoman','sans-serif'; font-size: 13pt;\">Bei den Kreismeisterschaften gewinnen <\/span><span style=\"margin: 0px; color: black; font-family: 'MinionHMRoman','sans-serif'; font-size: 13pt;\">Hanke, Bahr und Dr\u00fcke alle Disziplinen<\/span><\/p>\n<p><b><span style=\"margin: 0px; color: black; font-family: 'MinionHMBold','sans-serif'; font-size: 10pt;\">\u00a5 Ovenhausen <\/span><\/b><span style=\"margin: 0px; color: black; font-family: 'MinionHMRoman','sans-serif'; font-size: 10pt;\">(nw). Erfolgreicher geht es kaum \u2013 bei allen <\/span><span style=\"margin: 0px; color: black; font-family: 'MinionHMRoman','sans-serif'; font-size: 10pt;\">Starts siegten die Senioren A des Heimatsch\u00fctzenvereins <\/span><span style=\"margin: 0px; color: black; font-family: 'MinionHMRoman','sans-serif'; font-size: 10pt;\">Ovenhausen in der Mannschafts- sowie in der Einzelwertung <\/span><span style=\"margin: 0px; color: black; font-family: 'MinionHMRoman','sans-serif'; font-size: 10pt;\">bei den Kreismeisterschaften in Warburg.<\/span><\/p>\n<p><span style=\"margin: 0px; color: black; font-family: 'MinionHMRoman','sans-serif'; font-size: 10pt;\">In der Disziplin Kleinkaliber auf 100 Meter, die erstmals <\/span><span style=\"margin: 0px; color: black; font-family: 'MinionHMRoman','sans-serif'; font-size: 10pt;\">von den drei HSV-Sch\u00fctzen geschossen wurde, gewann <\/span><span style=\"margin: 0px; color: black; font-family: 'MinionHMRoman','sans-serif'; font-size: 10pt;\">der HSV mit einem herausragenden Ergebnis von 893 <\/span><span style=\"margin: 0px; color: black; font-family: 'MinionHMRoman','sans-serif'; font-size: 10pt;\">Ring die Teamwertung. <\/span><\/p>\n<p><span style=\"margin: 0px; color: black; font-family: 'MinionHMRoman','sans-serif'; font-size: 10pt;\">Auch auf 50 Meter Distanz siegte <\/span><span style=\"margin: 0px; color: black; font-family: 'MinionHMRoman','sans-serif'; font-size: 10pt;\">Ovenhausen mit 877 Ring. <\/span><\/p>\n<p><span style=\"margin: 0px; color: black; font-family: 'MinionHMRoman','sans-serif'; font-size: 10pt;\">In der Disziplin Luftgewehr Auflage <\/span><span style=\"margin: 0px; color: black; font-family: 'MinionHMRoman','sans-serif'; font-size: 10pt;\">wurde das Rekordergebnis (899 Ring) der Landesmeisterschaft <\/span><span style=\"margin: 0px; color: black; font-family: 'MinionHMRoman','sans-serif'; font-size: 10pt;\">2015 auch bei diesen Kreismeisterschaften <\/span><span style=\"margin: 0px; color: black; font-family: 'MinionHMRoman','sans-serif'; font-size: 10pt;\">erreicht und der dritte Mannschaftserfolg war sicher.<\/span><\/p>\n<p><span style=\"margin: 0px; color: black; font-family: 'MinionHMRoman','sans-serif'; font-size: 10pt;\">Mit einer grandiosen Leistung hat Ewald Hanke die Disziplinen <\/span><span style=\"margin: 0px; color: black; font-family: 'MinionHMRoman','sans-serif'; font-size: 10pt;\">Luftgewehr Auflage (300 Ring) und Kleinkaliber Auflage auf 100 Meter (299) <\/span><span style=\"margin: 0px; color: black; font-family: 'MinionHMRoman','sans-serif'; font-size: 10pt;\">f\u00fcr sich entschieden und ist doppelter Kreismeister. <\/span><\/p>\n<p><span style=\"margin: 0px; color: black; font-family: 'MinionHMRoman','sans-serif'; font-size: 10pt;\">Sein Mannschaftskollege Martin Bahr wurde Vizemeister beim <\/span><span style=\"margin: 0px; color: black; font-family: 'MinionHMRoman','sans-serif'; font-size: 10pt;\">Kleinkaliberschie\u00dfen auf 100 Meter (299 Ring) und beim <\/span><span style=\"margin: 0px; color: black; font-family: 'MinionHMRoman','sans-serif'; font-size: 10pt;\">Luftgewehr-Wettbewerb (300), zudem holte er sich den <\/span><span style=\"margin: 0px; color: black; font-family: 'MinionHMRoman','sans-serif'; font-size: 10pt;\">Meistertitel beim Kleinkaliber-Schie\u00dfen auf 50 Meter mit <\/span><span style=\"margin: 0px; color: black; font-family: 'MinionHMRoman','sans-serif'; font-size: 10pt;\">293 Ring vor seinen Vereinskollegen Ewald Hanke (293) <\/span><span style=\"margin: 0px; color: black; font-family: 'MinionHMRoman','sans-serif'; font-size: 10pt;\">und Elmar Dr\u00fcke (291).<\/span><\/p>\n<p><span style=\"margin: 0px; color: black; font-family: 'MinionHMRoman','sans-serif'; font-size: 10pt;\">Die Qualifikation f\u00fcr die Bezirksmeisterschaften in H\u00f6velhof <\/span><span style=\"margin: 0px; color: black; font-family: 'MinionHMRoman','sans-serif'; font-size: 10pt;\">und Warburg sind geschafft.<\/span><\/p>\n<p><span style=\"margin: 0px; color: black; font-family: 'MinionHMRoman','sans-serif'; font-size: 10pt;\">\u00a0<a href=\"https:\/\/i0.wp.com\/hsv-ovenhausen.de\/hsv-neu\/wp-content\/uploads\/2016\/04\/DSC_6684_pp-4.jpg\"><img data-recalc-dims=\"1\" loading=\"lazy\" decoding=\"async\" data-attachment-id=\"2585\" data-permalink=\"\/?attachment_id=2585\" data-orig-file=\"https:\/\/i0.wp.com\/hsv-ovenhausen.de\/hsv-neu\/wp-content\/uploads\/2016\/04\/DSC_6684_pp-4.jpg?fit=2000%2C1333\" data-orig-size=\"2000,1333\" data-comments-opened=\"0\" data-image-meta=\"{&quot;aperture&quot;:&quot;9&quot;,&quot;credit&quot;:&quot;Wollesen&quot;,&quot;camera&quot;:&quot;NIKON D610&quot;,&quot;caption&quot;:&quot;&quot;,&quot;created_timestamp&quot;:&quot;1420489560&quot;,&quot;copyright&quot;:&quot;CLAUDIA WOLLESEN&quot;,&quot;focal_length&quot;:&quot;36&quot;,&quot;iso&quot;:&quot;500&quot;,&quot;shutter_speed&quot;:&quot;0.005&quot;,&quot;title&quot;:&quot;&quot;,&quot;orientation&quot;:&quot;0&quot;}\" data-image-title=\"DSC_6684_pp (4)\" data-image-description=\"\" data-image-caption=\"\" data-large-file=\"https:\/\/i0.wp.com\/hsv-ovenhausen.de\/hsv-neu\/wp-content\/uploads\/2016\/04\/DSC_6684_pp-4.jpg?fit=700%2C466\" class=\"alignnone  wp-image-2585\" src=\"https:\/\/i0.wp.com\/hsv-ovenhausen.de\/hsv-neu\/wp-content\/uploads\/2016\/04\/DSC_6684_pp-4.jpg?resize=564%2C376\" alt=\"\" width=\"564\" height=\"376\" data-id=\"2585\" srcset=\"https:\/\/i0.wp.com\/hsv-ovenhausen.de\/hsv-neu\/wp-content\/uploads\/2016\/04\/DSC_6684_pp-4.jpg?resize=300%2C200 300w, https:\/\/i0.wp.com\/hsv-ovenhausen.de\/hsv-neu\/wp-content\/uploads\/2016\/04\/DSC_6684_pp-4.jpg?resize=768%2C512 768w, https:\/\/i0.wp.com\/hsv-ovenhausen.de\/hsv-neu\/wp-content\/uploads\/2016\/04\/DSC_6684_pp-4.jpg?resize=1024%2C682 1024w, https:\/\/i0.wp.com\/hsv-ovenhausen.de\/hsv-neu\/wp-content\/uploads\/2016\/04\/DSC_6684_pp-4.jpg?w=2000 2000w, https:\/\/i0.wp.com\/hsv-ovenhausen.de\/hsv-neu\/wp-content\/uploads\/2016\/04\/DSC_6684_pp-4.jpg?w=1400 1400w\" sizes=\"auto, (max-width: 564px) 100vw, 564px\" \/><\/a><\/span><\/p>\n<p><b>Treffsicher: <\/b><i><span style=\"margin: 0px; color: black; font-family: 'MinionHMItalic','sans-serif'; font-size: 10pt;\">Elmar Dr\u00fcke, Ewald Hanke und Martin Bahr (v.l.) vom<\/span><\/i><\/p>\n<p><i><span style=\"margin: 0px; color: black; line-height: 115%; font-family: 'MinionHMItalic','sans-serif'; font-size: 10pt;\">HSV Ovenhausen sahnten bei den Kreismeisterschaften ab. <\/span><\/i><span style=\"margin: 0px; color: black; line-height: 115%; font-family: 'MinionHMRoman','sans-serif'; font-size: 6.5pt;\">FOTO: HSV<\/span><\/p>\n","protected":false},"excerpt":{"rendered":"<p>HSV Ovenhausen dominiert in Warburg Schie\u00dfen: Bei den Kreismeisterschaften gewinnen Hanke, Bahr und Dr\u00fcke alle Disziplinen \u00a5 Ovenhausen (nw). Erfolgreicher geht es kaum \u2013 bei allen Starts siegten die Senioren A des Heimatsch\u00fctzenvereins Ovenhausen in der Mannschafts- sowie in der&hellip; <\/p>\n","protected":false},"author":6,"featured_media":0,"parent":2022,"menu_order":0,"comment_status":"closed","ping_status":"closed","template":"","meta":{"jetpack_post_was_ever_published":false,"footnotes":""},"class_list":["post-2024","page","type-page","status-publish","hentry"],"jetpack_sharing_enabled":true,"jetpack_shortlink":"https:\/\/wp.me\/P7qpVN-wE","jetpack-related-posts":[{"id":2045,"url":"\/?page_id=2045","url_meta":{"origin":2024,"position":0},"title":"2016","author":"Martin Bahr","date":"23. April 2016","format":false,"excerpt":"HSV Ovenhausen dominiert in Warburg Schie\u00dfen: Bei den Kreismeisterschaften 2016\u00a0gewinnen Hanke, Bahr und Dr\u00fcke alle Disziplinen \u00a5 Ovenhausen (nw). Erfolgreicher geht es kaum \u2013 bei allen Starts siegten die Senioren A des Heimatsch\u00fctzenvereins Ovenhausen in der Mannschafts- sowie in der Einzelwertung bei den Kreismeisterschaften in Warburg. In der Disziplin Kleinkaliber\u2026","rel":"","context":"\u00c4hnlicher Beitrag","block_context":{"text":"\u00c4hnlicher Beitrag","link":""},"img":{"alt_text":"","src":"https:\/\/i0.wp.com\/hsv-ovenhausen.de\/hsv-neu\/wp-content\/uploads\/2017\/01\/1111120151018_154136-300x180.jpg?resize=350%2C200","width":350,"height":200,"srcset":"https:\/\/i0.wp.com\/hsv-ovenhausen.de\/hsv-neu\/wp-content\/uploads\/2017\/01\/1111120151018_154136-300x180.jpg?resize=350%2C200 1x, https:\/\/i0.wp.com\/hsv-ovenhausen.de\/hsv-neu\/wp-content\/uploads\/2017\/01\/1111120151018_154136-300x180.jpg?resize=525%2C300 1.5x"},"classes":[]},{"id":2532,"url":"\/?page_id=2532","url_meta":{"origin":2024,"position":1},"title":"2017","author":"Martin Bahr","date":"6. Januar 2017","format":false,"excerpt":"Die \u201eSenioren A\u201c \u00a0des HSV Ovenhausen siegen souver\u00e4n bei den Kreismeisterschaften 2017 In L\u00fcgeneder wurde die Disziplin LG 10 Meter ausgetragen 1 - HSV Ovenhausen e.V. \u00a0mit \u00a0\u00a0\u00a0\u00a0\u00a0\u00a0\u00a0\u00a0\u00a0\u00a0\u00a0\u00a0\u00a0\u00a0\u00a0\u00a0\u00a0 897 Ring 2 - BSV Brakel e.V 1 . mit\u00a0\u00a0\u00a0\u00a0\u00a0\u00a0\u00a0\u00a0\u00a0\u00a0\u00a0\u00a0\u00a0\u00a0\u00a0\u00a0\u00a0\u00a0\u00a0\u00a0\u00a0\u00a0\u00a0\u00a0\u00a0\u00a0 890 Ring 3 - BSV Brakel e.V. 2 mit\u00a0\u00a0\u00a0\u00a0\u00a0\u00a0\u00a0\u00a0\u00a0\u00a0\u00a0\u00a0\u00a0\u00a0\u00a0\u00a0\u00a0\u00a0\u00a0\u00a0\u00a0\u00a0\u00a0\u00a0\u00a0\u00a0\u00a0 887 Ring 4\u2026","rel":"","context":"\u00c4hnlicher Beitrag","block_context":{"text":"\u00c4hnlicher Beitrag","link":""},"img":{"alt_text":"","src":"https:\/\/i0.wp.com\/hsv-ovenhausen.de\/hsv-neu\/wp-content\/uploads\/2017\/01\/DSC_6684_pp-4-300x200.jpg?resize=350%2C200","width":350,"height":200},"classes":[]},{"id":29,"url":"\/?page_id=29","url_meta":{"origin":2024,"position":2},"title":"Schie\u00dfsport (alte Seite)","author":"Martin Bahr","date":"12. August 2014","format":false,"excerpt":"Spitzenreiter in der Leistungsklasse - HSV holt Top-Platzierungen und Titel Ob Luftgewehr oder Kleinkaliber \u2013 die Sportsch\u00fctzen des HSV Ovenhausen sind im Kreis H\u00f6xter die treffsichersten. Sogar auf Bundesebene hat es f\u00fcr einen Sportler im Oktober Grund zum Jubeln gegeben. Bei der Deutschen Meisterschaft in Hannover landete Ewald Hanke mit\u2026","rel":"","context":"\u00c4hnlicher Beitrag","block_context":{"text":"\u00c4hnlicher Beitrag","link":""},"img":{"alt_text":"Mit Kleinkaliber und Luftgewehr auf Titeljagd. Das sind die f\u00fcnf Sch\u00fctzen (von links): Ewald Hanke, Bernward Mutter, Martin Bahr, J\u00fcrgen Todt und Markus B\u00f6melburg. Der HSV Ovenhausen belegt in der Leistungsklasse Rang eins. Foto: Oliver Temme","src":"https:\/\/i0.wp.com\/test.hsv-ovenhausen.de\/hsv-neu\/wp-content\/uploads\/2014\/08\/Schiessgruppe.jpg?resize=350%2C200","width":350,"height":200},"classes":[]},{"id":2537,"url":"\/?page_id=2537","url_meta":{"origin":2024,"position":3},"title":"2017","author":"Martin Bahr","date":"6. Januar 2017","format":false,"excerpt":"Nach dem gro\u00dfen Erfolg beim LG, \u00fcberlie\u00dfen die \u201eSenioren A\u201c des HSV Ovenhausen nichts dem Zufall. Konzentriert mit tollen Ergebnissen wurde auch dieser Wettbewerb KK 50 Meter gewonnen und der Kreismeistertitel 2017, wie bereits im letzten Jahr, \u00a0gesichert. In Beller wurde die Disziplin KK 50 Meter geschossen 1 - HSV\u2026","rel":"","context":"\u00c4hnlicher Beitrag","block_context":{"text":"\u00c4hnlicher Beitrag","link":""},"img":{"alt_text":"","src":"https:\/\/i0.wp.com\/hsv-ovenhausen.de\/hsv-neu\/wp-content\/uploads\/2017\/01\/DSC_6684_pp-4-1-300x200.jpg?resize=350%2C200","width":350,"height":200},"classes":[]},{"id":1931,"url":"\/?page_id=1931","url_meta":{"origin":2024,"position":4},"title":"2015","author":"Martin Bahr","date":"16. April 2016","format":false,"excerpt":"Luftgewehr 1 Kreisklasse Geschossen wurden 10 Wettk\u00e4mpfe, bei denen jeder Sch\u00fctze jeweils 30 Schuss abzugeben hatte. Die Gegner waren: Ovenhausen II - Steinheim I - Jakobsberg I - Brakel III und Bellersen I Mannschaftsergebnis Ringz. Punkte HSV-Ovenhausen III Platz 1 8989 20 : 00 Einzelergebnisse Ewald, Hanke Platz 1 2999\u2026","rel":"","context":"\u00c4hnlicher Beitrag","block_context":{"text":"\u00c4hnlicher Beitrag","link":""},"img":{"alt_text":"DSC_6696_pp","src":"https:\/\/i0.wp.com\/hsv-ovenhausen.de\/hsv-neu\/wp-content\/uploads\/2016\/04\/DSC_6696_pp-300x200.jpg?resize=350%2C200","width":350,"height":200},"classes":[]},{"id":1481,"url":"\/?page_id=1481","url_meta":{"origin":2024,"position":5},"title":"2016","author":"Martin Bahr","date":"13. April 2016","format":false,"excerpt":"HSV Ovenhausen ist Bezirksmeister Die \u201eSenioren A\u201c des HSV Ovenhausen sicherten sich den Bezirksmeistertitel beim KK-Schie\u00dfen \u00fcber 50 Meter in H\u00f6velhof mit 870 Ring. Platz 1\u00a0\u00a0\u00a0\u00a0\u00a0\u00a0\u00a0\u00a0\u00a0\u00a0\u00a0\u00a0 HSV Ovenhausen\u00a0\u00a0\u00a0\u00a0\u00a0\u00a0\u00a0\u00a0\u00a0\u00a0\u00a0\u00a0\u00a0\u00a0\u00a0\u00a0\u00a0\u00a0 870 Ring Platz 2\u00a0\u00a0\u00a0\u00a0\u00a0\u00a0\u00a0\u00a0\u00a0\u00a0\u00a0\u00a0 ST.Hubertus Brilon\u00a0\u00a0\u00a0\u00a0\u00a0\u00a0\u00a0\u00a0\u00a0\u00a0\u00a0\u00a0\u00a0\u00a0\u00a0 856 Ring Platz 3\u00a0\u00a0\u00a0\u00a0\u00a0\u00a0\u00a0\u00a0\u00a0\u00a0\u00a0\u00a0 BSV Brakel 2\u00a0\u00a0\u00a0\u00a0\u00a0\u00a0\u00a0\u00a0\u00a0\u00a0\u00a0\u00a0\u00a0\u00a0\u00a0\u00a0\u00a0\u00a0\u00a0\u00a0\u00a0\u00a0\u00a0\u00a0\u00a0 841 Ring Platz 4\u00a0\u00a0\u00a0\u00a0\u00a0\u00a0\u00a0\u00a0\u00a0\u00a0\u00a0\u00a0 BSV Brakel 1\u00a0\u00a0\u00a0\u00a0\u00a0\u00a0\u00a0\u00a0\u00a0\u00a0\u00a0\u00a0\u00a0\u00a0\u00a0\u00a0\u00a0\u00a0\u00a0\u00a0\u00a0\u00a0\u00a0\u00a0\u00a0 835 Ring\u2026","rel":"","context":"\u00c4hnlicher Beitrag","block_context":{"text":"\u00c4hnlicher Beitrag","link":""},"img":{"alt_text":"DSC_6684_pp","src":"https:\/\/i0.wp.com\/hsv-ovenhausen.de\/hsv-neu\/wp-content\/uploads\/2016\/04\/DSC_6684_pp-3-300x200.jpg?resize=350%2C200","width":350,"height":200},"classes":[]}],"_links":{"self":[{"href":"\/index.php?rest_route=\/wp\/v2\/pages\/2024","targetHints":{"allow":["GET"]}}],"collection":[{"href":"\/index.php?rest_route=\/wp\/v2\/pages"}],"about":[{"href":"\/index.php?rest_route=\/wp\/v2\/types\/page"}],"author":[{"embeddable":true,"href":"\/index.php?rest_route=\/wp\/v2\/users\/6"}],"replies":[{"embeddable":true,"href":"\/index.php?rest_route=%2Fwp%2Fv2%2Fcomments&post=2024"}],"version-history":[{"count":5,"href":"\/index.php?rest_route=\/wp\/v2\/pages\/2024\/revisions"}],"predecessor-version":[{"id":2586,"href":"\/index.php?rest_route=\/wp\/v2\/pages\/2024\/revisions\/2586"}],"up":[{"embeddable":true,"href":"\/index.php?rest_route=\/wp\/v2\/pages\/2022"}],"wp:attachment":[{"href":"\/index.php?rest_route=%2Fwp%2Fv2%2Fmedia&parent=2024"}],"curies":[{"name":"wp","href":"https:\/\/api.w.org\/{rel}","templated":true}]}}