{"id":2387,"date":"2016-10-09T11:09:24","date_gmt":"2016-10-09T09:09:24","guid":{"rendered":"http:\/\/hsv-ovenhausen.de\/?page_id=2387"},"modified":"2017-01-08T15:32:25","modified_gmt":"2017-01-08T14:32:25","slug":"2016-2","status":"publish","type":"page","link":"\/?page_id=2387","title":{"rendered":"2016"},"content":{"rendered":"<p>Endlich geschafft<\/p>\n<p>Der HSV Ovenhausen pr\u00e4sentiert den \u201eersten deutschen Meistertitel\u201c<\/p>\n<p><a href=\"https:\/\/i0.wp.com\/hsv-ovenhausen.de\/hsv-neu\/wp-content\/uploads\/2016\/10\/IMG-20161008-WA0023.jpg\"><img data-recalc-dims=\"1\" loading=\"lazy\" decoding=\"async\" data-attachment-id=\"2392\" data-permalink=\"\/?attachment_id=2392\" data-orig-file=\"https:\/\/i0.wp.com\/hsv-ovenhausen.de\/hsv-neu\/wp-content\/uploads\/2016\/10\/IMG-20161008-WA0023.jpg?fit=1600%2C1200\" data-orig-size=\"1600,1200\" data-comments-opened=\"0\" data-image-meta=\"{&quot;aperture&quot;:&quot;0&quot;,&quot;credit&quot;:&quot;&quot;,&quot;camera&quot;:&quot;&quot;,&quot;caption&quot;:&quot;&quot;,&quot;created_timestamp&quot;:&quot;0&quot;,&quot;copyright&quot;:&quot;&quot;,&quot;focal_length&quot;:&quot;0&quot;,&quot;iso&quot;:&quot;0&quot;,&quot;shutter_speed&quot;:&quot;0&quot;,&quot;title&quot;:&quot;&quot;,&quot;orientation&quot;:&quot;0&quot;}\" data-image-title=\"img-20161008-wa0023\" data-image-description=\"\" data-image-caption=\"\" data-large-file=\"https:\/\/i0.wp.com\/hsv-ovenhausen.de\/hsv-neu\/wp-content\/uploads\/2016\/10\/IMG-20161008-WA0023.jpg?fit=700%2C525\" class=\"alignnone wp-image-2392\" src=\"https:\/\/i0.wp.com\/hsv-ovenhausen.de\/hsv-neu\/wp-content\/uploads\/2016\/10\/IMG-20161008-WA0023.jpg?resize=579%2C434\" alt=\"img-20161008-wa0023\" width=\"579\" height=\"434\" data-id=\"2392\" srcset=\"https:\/\/i0.wp.com\/hsv-ovenhausen.de\/hsv-neu\/wp-content\/uploads\/2016\/10\/IMG-20161008-WA0023.jpg?resize=300%2C225 300w, https:\/\/i0.wp.com\/hsv-ovenhausen.de\/hsv-neu\/wp-content\/uploads\/2016\/10\/IMG-20161008-WA0023.jpg?resize=768%2C576 768w, https:\/\/i0.wp.com\/hsv-ovenhausen.de\/hsv-neu\/wp-content\/uploads\/2016\/10\/IMG-20161008-WA0023.jpg?resize=1024%2C768 1024w, https:\/\/i0.wp.com\/hsv-ovenhausen.de\/hsv-neu\/wp-content\/uploads\/2016\/10\/IMG-20161008-WA0023.jpg?w=1600 1600w, https:\/\/i0.wp.com\/hsv-ovenhausen.de\/hsv-neu\/wp-content\/uploads\/2016\/10\/IMG-20161008-WA0023.jpg?w=1400 1400w\" sizes=\"auto, (max-width: 579px) 100vw, 579px\" \/><\/a><\/p>\n<p>&nbsp;<\/p>\n<p>Das viele Training hat sich ausgezahlt. Am Samstag, den 08.10.2016 durfte der HSV erstmals an der Deutschen Meisterschaft KK 100 Meter in Hannover teilnehmen. Qualifiziert hatten sich die Sch\u00fctzen: Ewald Hanke \u2013 Martin Bahr und Elmar Dr\u00fcke mit dem Landesmeistertitel, bei der Landesmeisterschaft im Juli diesen Jahres, in Hamm.<\/p>\n<p>Um 6,30 wurde gestartet. Der Betreuer Michael Hanke kam p\u00fcnktlich und sammelte seine Sch\u00e4fchen ein. Nach einer ruhigen, besonnenen Fahrt, erreichten wir um 8,00 Uhr das Wettkampfzentrum. Martin hatte die Startzeit 9,10 Uhr bekommen.<\/p>\n<p>Langsam alles vorbereiten und sich etwas an die Umgebung gew\u00f6hnen. Da kam auch schon die Ansage \u2013 die Sch\u00fctzen f\u00fcr den 9,10 Uhr Durchgang d\u00fcrfen die St\u00e4nde einnehmen und die Waffen auspacken. Ok, die Kollegen w\u00fcnschten dem Martin viel Gl\u00fcck und Daumendr\u00fccken war angesagt. Nach dem Startsignal begann das Probeschiessen. Die ersten Sch\u00fcsse lagen schon direkt in der Zehn \u2013 aber nach weiteren Probesch\u00fcssen (der K\u00f6rper entspannt sich dann etwas) lagen alle Sch\u00fcsse links oben. Nach 20 Probesch\u00fcssen dr\u00fcckte Martin die Starttaste. Es begann alles sehr gut. 8 Zehner hintereinander \u2013 dann auf einmal rechts unten eine 9,9. Unverst\u00e4ndlich \u2013 gut abgekommen und trotzdem diese 9. Also konzentriert weiter machen. Die erste Serie wurde mit 99 beendet. Auch die zweite Serie lief super an, aber auch hier ging ein Schuss in die Neun. Also auch 99 Ring. Die dritte Serie wurde dann mit 100 beendet \u2013 Am Ende also 298 Ring. Naja es ging so \u2013 keine Spitzenleistung aber es ist noch nicht alles verloren. Diese 298 Ring reichten f\u00fcr Martin in der Einzelwertung , dann noch f\u00fcr den 19 ten Platz.<\/p>\n<p>Um 10,20 musste Elmar ran. Der Bursche hatte vorher so viel gest\u00f6hnt, dass seine Kollegen eigentlich nicht so viel erwartet haben. Aber ganz im Gegenteil. In der Probephase hat er zwar einen Schuss beim Gegner draufgehauen \u2013 das war aber nicht schlimm. Der Gegner war aber ganz sch\u00f6n irritiert.<\/p>\n<p>Ok, Elmar dr\u00fcckt die Starttaste. Alles beginnt super. Er beendet die erste Serie mit 99 \u2013 die zweite Serie dann mit 100 \u2013 und schoss in der dritten Serie neun Zehner. Nun der letzte Schuss. Es dauert sehr lange bis es dann knallt. Aber es leuchte nicht rot sondern gelb auf. Da schie\u00dft der Elmar im letzten Schuss noch ne Neun. Seine erreichten 298 Ring bringen Elmar in der Einzelwertung den Platz 24 ein.<\/p>\n<p>Eigentlich sind 4 Miese viel zu viel \u2013 aber auch die Sch\u00fctzen der anderen Mannschaften haben bisher geschw\u00e4chelt. Wir lagen also noch im Rennen.<\/p>\n<p>Um 11,30 musste Ewald ran. Auch hier zun\u00e4chst alles sehr gut, dann vielen aber auch bei Ewald einige Neuner. Nach insgesamt 20 Probesch\u00fcssen, dann die Starttaste. Alles super \u2013 Ewald beendete die erste Serie mit 100. Wir waren uns alle sicher, der wird 300 schie\u00dfen. Aber bereits beim 12 Schuss leuchtete die gelbe Lampe auf. Ewald hat die 9,9 getroffen. Die Entt\u00e4uschung war Ihm nat\u00fcrlich sofort anzumerken. Er musste sich wieder komplett neu motivieren. Es dauerte fast 5 Minuten bevor der n\u00e4chste Schuss brach. Aber alles gut \u2013 es war eine Zehn. Somit beendete Ewald die zweite Serie mit 99. Auch in der dritten Serie gab es kein Schw\u00e4cheln \u2013 es schoss auch diese Serie mit 100 aus. Am Ende bedeuteten die 299 Ring Platz 6 in der Einzelwertung.<\/p>\n<p>Somit war klar \u2013 bei diesem Wettkampf wird kein Ovenhausener in der Einzelwertung aufs Treppchen kommen. Es bleibt aber noch die Mannschaft. Wir haben ein gutes, ausgeglichenes Mannschaftsergebnis geschossen.<\/p>\n<p>Ab 11 Uhr belegt der HSV Ovenhausen den \u201eERSTEN PLATZ\u201c<\/p>\n<p><a href=\"https:\/\/i0.wp.com\/hsv-ovenhausen.de\/hsv-neu\/wp-content\/uploads\/2016\/10\/IMG-20161009-WA0044.jpg\"><img data-recalc-dims=\"1\" loading=\"lazy\" decoding=\"async\" data-attachment-id=\"2396\" data-permalink=\"\/?attachment_id=2396\" data-orig-file=\"https:\/\/i0.wp.com\/hsv-ovenhausen.de\/hsv-neu\/wp-content\/uploads\/2016\/10\/IMG-20161009-WA0044.jpg?fit=1328%2C747\" data-orig-size=\"1328,747\" data-comments-opened=\"0\" data-image-meta=\"{&quot;aperture&quot;:&quot;0&quot;,&quot;credit&quot;:&quot;&quot;,&quot;camera&quot;:&quot;&quot;,&quot;caption&quot;:&quot;&quot;,&quot;created_timestamp&quot;:&quot;0&quot;,&quot;copyright&quot;:&quot;&quot;,&quot;focal_length&quot;:&quot;0&quot;,&quot;iso&quot;:&quot;0&quot;,&quot;shutter_speed&quot;:&quot;0&quot;,&quot;title&quot;:&quot;&quot;,&quot;orientation&quot;:&quot;0&quot;}\" data-image-title=\"img-20161009-wa0044\" data-image-description=\"\" data-image-caption=\"\" data-large-file=\"https:\/\/i0.wp.com\/hsv-ovenhausen.de\/hsv-neu\/wp-content\/uploads\/2016\/10\/IMG-20161009-WA0044.jpg?fit=700%2C394\" class=\"alignnone wp-image-2396\" src=\"https:\/\/i0.wp.com\/hsv-ovenhausen.de\/hsv-neu\/wp-content\/uploads\/2016\/10\/IMG-20161009-WA0044.jpg?resize=568%2C320\" alt=\"img-20161009-wa0044\" width=\"568\" height=\"320\" data-id=\"2396\" srcset=\"https:\/\/i0.wp.com\/hsv-ovenhausen.de\/hsv-neu\/wp-content\/uploads\/2016\/10\/IMG-20161009-WA0044.jpg?resize=300%2C169 300w, https:\/\/i0.wp.com\/hsv-ovenhausen.de\/hsv-neu\/wp-content\/uploads\/2016\/10\/IMG-20161009-WA0044.jpg?resize=768%2C432 768w, https:\/\/i0.wp.com\/hsv-ovenhausen.de\/hsv-neu\/wp-content\/uploads\/2016\/10\/IMG-20161009-WA0044.jpg?resize=1024%2C576 1024w, https:\/\/i0.wp.com\/hsv-ovenhausen.de\/hsv-neu\/wp-content\/uploads\/2016\/10\/IMG-20161009-WA0044.jpg?w=1328 1328w\" sizes=\"auto, (max-width: 568px) 100vw, 568px\" \/><\/a><\/p>\n<p>Und wirklich, der letzte Sch\u00fctze der gegnerischen Mannschaften, beendete um 15 Uhr seinen Wettkampf, aber keiner kam in der Mannschaftsleistung mehr an den HSV ran. Somit war klar<\/p>\n<p>Der HSV Ovenhausen ist erstmals in der Vereinsgeschichte \u201eDeutscher Meister\u201c<a href=\"https:\/\/i0.wp.com\/hsv-ovenhausen.de\/hsv-neu\/wp-content\/uploads\/2016\/10\/IMG-20161009-WA0013.jpg\"><img data-recalc-dims=\"1\" loading=\"lazy\" decoding=\"async\" data-attachment-id=\"2395\" data-permalink=\"\/?attachment_id=2395\" data-orig-file=\"https:\/\/i0.wp.com\/hsv-ovenhausen.de\/hsv-neu\/wp-content\/uploads\/2016\/10\/IMG-20161009-WA0013.jpg?fit=1328%2C747\" data-orig-size=\"1328,747\" data-comments-opened=\"0\" data-image-meta=\"{&quot;aperture&quot;:&quot;0&quot;,&quot;credit&quot;:&quot;&quot;,&quot;camera&quot;:&quot;&quot;,&quot;caption&quot;:&quot;&quot;,&quot;created_timestamp&quot;:&quot;0&quot;,&quot;copyright&quot;:&quot;&quot;,&quot;focal_length&quot;:&quot;0&quot;,&quot;iso&quot;:&quot;0&quot;,&quot;shutter_speed&quot;:&quot;0&quot;,&quot;title&quot;:&quot;&quot;,&quot;orientation&quot;:&quot;0&quot;}\" data-image-title=\"img-20161009-wa0013\" data-image-description=\"\" data-image-caption=\"\" data-large-file=\"https:\/\/i0.wp.com\/hsv-ovenhausen.de\/hsv-neu\/wp-content\/uploads\/2016\/10\/IMG-20161009-WA0013.jpg?fit=700%2C394\" class=\"alignnone wp-image-2395\" src=\"https:\/\/i0.wp.com\/hsv-ovenhausen.de\/hsv-neu\/wp-content\/uploads\/2016\/10\/IMG-20161009-WA0013.jpg?resize=595%2C335\" alt=\"img-20161009-wa0013\" width=\"595\" height=\"335\" data-id=\"2395\" srcset=\"https:\/\/i0.wp.com\/hsv-ovenhausen.de\/hsv-neu\/wp-content\/uploads\/2016\/10\/IMG-20161009-WA0013.jpg?resize=300%2C169 300w, https:\/\/i0.wp.com\/hsv-ovenhausen.de\/hsv-neu\/wp-content\/uploads\/2016\/10\/IMG-20161009-WA0013.jpg?resize=768%2C432 768w, https:\/\/i0.wp.com\/hsv-ovenhausen.de\/hsv-neu\/wp-content\/uploads\/2016\/10\/IMG-20161009-WA0013.jpg?resize=1024%2C576 1024w, https:\/\/i0.wp.com\/hsv-ovenhausen.de\/hsv-neu\/wp-content\/uploads\/2016\/10\/IMG-20161009-WA0013.jpg?w=1328 1328w\" sizes=\"auto, (max-width: 595px) 100vw, 595px\" \/><\/a><\/p>\n<p>&nbsp;<\/p>\n<p>Ein riesiger Jubel, auch von den befreundeten Mannschaften, alle kamen und gratulierten. Das war auch wirklich eine tolle Leistung, die auch von den Gegnern Anerkennung findet.<\/p>\n<p>Am liebsten h\u00e4tten wir jetzt die Pokale mitgenommen und w\u00e4ren nach Hause gefahren \u2013mal so richtig sch\u00f6n einen trinken J. Wir mussten allerdings bis 19,30 warten, denn dann begann die Siegerehrung. Aber auch diesen Part m\u00f6chten wir nicht vermissen. Das war schon f\u00fcr alle ein ganz tolles Gef\u00fchl. Nachdem die Mannschaft des Dritt- und der Zweitplatzierten auf Treppchen durften, wurden auch die Sieger aufgerufen. Wir stiegen dann aufs Treppchen \u2013 also auf das mittlere Podest mit der Nummer \u201e1\u201c und bekamen die Urkunden und den Pokal, begleitet von einem riesigen Beifall der Anwesenden.<\/p>\n<p><a href=\"https:\/\/i0.wp.com\/hsv-ovenhausen.de\/hsv-neu\/wp-content\/uploads\/2016\/10\/IMG-20161009-WA0011.jpg\"><img data-recalc-dims=\"1\" loading=\"lazy\" decoding=\"async\" data-attachment-id=\"2394\" data-permalink=\"\/?attachment_id=2394\" data-orig-file=\"https:\/\/i0.wp.com\/hsv-ovenhausen.de\/hsv-neu\/wp-content\/uploads\/2016\/10\/IMG-20161009-WA0011.jpg?fit=1328%2C747\" data-orig-size=\"1328,747\" data-comments-opened=\"0\" data-image-meta=\"{&quot;aperture&quot;:&quot;0&quot;,&quot;credit&quot;:&quot;&quot;,&quot;camera&quot;:&quot;&quot;,&quot;caption&quot;:&quot;&quot;,&quot;created_timestamp&quot;:&quot;0&quot;,&quot;copyright&quot;:&quot;&quot;,&quot;focal_length&quot;:&quot;0&quot;,&quot;iso&quot;:&quot;0&quot;,&quot;shutter_speed&quot;:&quot;0&quot;,&quot;title&quot;:&quot;&quot;,&quot;orientation&quot;:&quot;0&quot;}\" data-image-title=\"img-20161009-wa0011\" data-image-description=\"\" data-image-caption=\"\" data-large-file=\"https:\/\/i0.wp.com\/hsv-ovenhausen.de\/hsv-neu\/wp-content\/uploads\/2016\/10\/IMG-20161009-WA0011.jpg?fit=700%2C394\" class=\"alignnone wp-image-2394\" src=\"https:\/\/i0.wp.com\/hsv-ovenhausen.de\/hsv-neu\/wp-content\/uploads\/2016\/10\/IMG-20161009-WA0011.jpg?resize=566%2C319\" alt=\"img-20161009-wa0011\" width=\"566\" height=\"319\" data-id=\"2394\" srcset=\"https:\/\/i0.wp.com\/hsv-ovenhausen.de\/hsv-neu\/wp-content\/uploads\/2016\/10\/IMG-20161009-WA0011.jpg?resize=300%2C169 300w, https:\/\/i0.wp.com\/hsv-ovenhausen.de\/hsv-neu\/wp-content\/uploads\/2016\/10\/IMG-20161009-WA0011.jpg?resize=768%2C432 768w, https:\/\/i0.wp.com\/hsv-ovenhausen.de\/hsv-neu\/wp-content\/uploads\/2016\/10\/IMG-20161009-WA0011.jpg?resize=1024%2C576 1024w, https:\/\/i0.wp.com\/hsv-ovenhausen.de\/hsv-neu\/wp-content\/uploads\/2016\/10\/IMG-20161009-WA0011.jpg?w=1328 1328w\" sizes=\"auto, (max-width: 566px) 100vw, 566px\" \/><\/a><\/p>\n<p>Und dann noch ein wunderbares, tiefgreifendes Erlebnis.<\/p>\n<p>Die deutsche Nationalhymne wurde gespielt und wir alle haben kr\u00e4ftig mitgesungen.<\/p>\n<p>Nun wissen wir, wie sich ein Athlet bei Olympia f\u00fchlt, das war einfach toll.<\/p>\n<p>Man ist wirklich sprachlos und kann noch gar nicht richtig fassen, was da gerade passiert ist.<\/p>\n<p>Wir sind \u201eDeutscher Meister\u201c. !!!!!!!!!<\/p>\n<p><a href=\"https:\/\/i0.wp.com\/hsv-ovenhausen.de\/hsv-neu\/wp-content\/uploads\/2016\/10\/IMG-20161009-WA0005.jpg\"><img data-recalc-dims=\"1\" loading=\"lazy\" decoding=\"async\" data-attachment-id=\"2393\" data-permalink=\"\/?attachment_id=2393\" data-orig-file=\"https:\/\/i0.wp.com\/hsv-ovenhausen.de\/hsv-neu\/wp-content\/uploads\/2016\/10\/IMG-20161009-WA0005.jpg?fit=1328%2C747\" data-orig-size=\"1328,747\" data-comments-opened=\"0\" data-image-meta=\"{&quot;aperture&quot;:&quot;0&quot;,&quot;credit&quot;:&quot;&quot;,&quot;camera&quot;:&quot;&quot;,&quot;caption&quot;:&quot;&quot;,&quot;created_timestamp&quot;:&quot;0&quot;,&quot;copyright&quot;:&quot;&quot;,&quot;focal_length&quot;:&quot;0&quot;,&quot;iso&quot;:&quot;0&quot;,&quot;shutter_speed&quot;:&quot;0&quot;,&quot;title&quot;:&quot;&quot;,&quot;orientation&quot;:&quot;0&quot;}\" data-image-title=\"img-20161009-wa0005\" data-image-description=\"\" data-image-caption=\"\" data-large-file=\"https:\/\/i0.wp.com\/hsv-ovenhausen.de\/hsv-neu\/wp-content\/uploads\/2016\/10\/IMG-20161009-WA0005.jpg?fit=700%2C394\" class=\"alignnone wp-image-2393\" src=\"https:\/\/i0.wp.com\/hsv-ovenhausen.de\/hsv-neu\/wp-content\/uploads\/2016\/10\/IMG-20161009-WA0005.jpg?resize=605%2C341\" alt=\"img-20161009-wa0005\" width=\"605\" height=\"341\" data-id=\"2393\" srcset=\"https:\/\/i0.wp.com\/hsv-ovenhausen.de\/hsv-neu\/wp-content\/uploads\/2016\/10\/IMG-20161009-WA0005.jpg?resize=300%2C169 300w, https:\/\/i0.wp.com\/hsv-ovenhausen.de\/hsv-neu\/wp-content\/uploads\/2016\/10\/IMG-20161009-WA0005.jpg?resize=768%2C432 768w, https:\/\/i0.wp.com\/hsv-ovenhausen.de\/hsv-neu\/wp-content\/uploads\/2016\/10\/IMG-20161009-WA0005.jpg?resize=1024%2C576 1024w, https:\/\/i0.wp.com\/hsv-ovenhausen.de\/hsv-neu\/wp-content\/uploads\/2016\/10\/IMG-20161009-WA0005.jpg?w=1328 1328w\" sizes=\"auto, (max-width: 605px) 100vw, 605px\" \/><\/a><\/p>\n","protected":false},"excerpt":{"rendered":"<p>Endlich geschafft Der HSV Ovenhausen pr\u00e4sentiert den \u201eersten deutschen Meistertitel\u201c &nbsp; Das viele Training hat sich ausgezahlt. Am Samstag, den 08.10.2016 durfte der HSV erstmals an der Deutschen Meisterschaft KK 100 Meter in Hannover teilnehmen. Qualifiziert hatten sich die Sch\u00fctzen:&hellip; <\/p>\n","protected":false},"author":6,"featured_media":0,"parent":2385,"menu_order":0,"comment_status":"closed","ping_status":"closed","template":"","meta":{"jetpack_post_was_ever_published":false,"footnotes":""},"class_list":["post-2387","page","type-page","status-publish","hentry"],"jetpack_sharing_enabled":true,"jetpack_shortlink":"https:\/\/wp.me\/P7qpVN-Cv","jetpack-related-posts":[{"id":1541,"url":"\/?page_id=1541","url_meta":{"origin":2387,"position":0},"title":"2015 Senioren A","author":"Martin Bahr","date":"15. April 2016","format":false,"excerpt":"Die Landesmeisterschaften 2015 bei den \"Senioren A\" standen ganz im Zeichen des HSV-Ovenhausen. Geschossen wurde Luftgewehr auf 10 Meter Entfernung. Gerade p\u00fcnktlich zum gro\u00dfen Heimatfest haben die Sch\u00fctzen\u00a0Elmar Dr\u00fcke 299 Ring, Martin Bahr 300 Ring und Ewald Hanke 300 Ring\u00a0diese tolle\u00a0Leistung abrufen k\u00f6nnen. Mit 899 von 900 M\u00f6glichen wurde der\u2026","rel":"","context":"\u00c4hnlicher Beitrag","block_context":{"text":"\u00c4hnlicher Beitrag","link":""},"img":{"alt_text":"","src":"https:\/\/i0.wp.com\/hsv-ovenhausen.de\/hsv-neu\/wp-content\/uploads\/2016\/04\/DSC_6684_pp-1.jpg?fit=1200%2C800&resize=350%2C200","width":350,"height":200,"srcset":"https:\/\/i0.wp.com\/hsv-ovenhausen.de\/hsv-neu\/wp-content\/uploads\/2016\/04\/DSC_6684_pp-1.jpg?fit=1200%2C800&resize=350%2C200 1x, https:\/\/i0.wp.com\/hsv-ovenhausen.de\/hsv-neu\/wp-content\/uploads\/2016\/04\/DSC_6684_pp-1.jpg?fit=1200%2C800&resize=525%2C300 1.5x, https:\/\/i0.wp.com\/hsv-ovenhausen.de\/hsv-neu\/wp-content\/uploads\/2016\/04\/DSC_6684_pp-1.jpg?fit=1200%2C800&resize=700%2C400 2x, https:\/\/i0.wp.com\/hsv-ovenhausen.de\/hsv-neu\/wp-content\/uploads\/2016\/04\/DSC_6684_pp-1.jpg?fit=1200%2C800&resize=1050%2C600 3x"},"classes":[]},{"id":1523,"url":"\/?page_id=1523","url_meta":{"origin":2387,"position":1},"title":"2015","author":"Martin Bahr","date":"15. April 2016","format":false,"excerpt":"Der HSV Ovenhausen war\u00a0auch bei den Bezirksmeisterschaften LG Auflage 10 Meter in H\u00f6velhof wieder sehr erfolgreich. In der Altersklasse \u201eSenioren A\u201c\u00a0 hat der HSV in der Mannschaftswertung mit den Sch\u00fctzen Martin Bahr 298 \u2013 Ewald Hanke 297 und Elmar Dr\u00fcke 286 -die Silbermedaille gewonnen. Martin Bahr konnte in der Einzelwertung\u00a0\u2026","rel":"","context":"\u00c4hnlicher Beitrag","block_context":{"text":"\u00c4hnlicher Beitrag","link":""},"img":{"alt_text":"DSC_6684_pp","src":"https:\/\/i0.wp.com\/hsv-ovenhausen.de\/hsv-neu\/wp-content\/uploads\/2016\/04\/DSC_6684_pp-300x200.jpg?resize=350%2C200","width":350,"height":200},"classes":[]},{"id":4540,"url":"\/?page_id=4540","url_meta":{"origin":2387,"position":2},"title":"Schie\u00dfsport","author":"Matthias Gorzolka","date":"16. Dezember 2025","format":false,"excerpt":"2025 Deutsche Meisterschaften 2025 in Hannover Bei den Deutschen Meisterschaften 2025 in Hannover belegt Martin Bahr in der Disziplin KK 100 Meter den F\u00dcNFTEN Platz. Landesmeisterschaften 2025 in Hamm Die Seniorenmannschaft des HSV gewinnt die Goldmedaille. Geschossen haben: Martin Bahr 316,4 Kalla Herdick 315,2 Michaela Redeker 314,4 -- In der\u2026","rel":"","context":"\u00c4hnlicher Beitrag","block_context":{"text":"\u00c4hnlicher Beitrag","link":""},"img":{"alt_text":"","src":"https:\/\/i0.wp.com\/hsv-ovenhausen.de\/hsv-neu\/wp-content\/uploads\/2025\/12\/Teil-I-Chronik-Schiesssport-HSV-Ovenhausen-36.jpg?fit=1200%2C1028&resize=350%2C200","width":350,"height":200,"srcset":"https:\/\/i0.wp.com\/hsv-ovenhausen.de\/hsv-neu\/wp-content\/uploads\/2025\/12\/Teil-I-Chronik-Schiesssport-HSV-Ovenhausen-36.jpg?fit=1200%2C1028&resize=350%2C200 1x, https:\/\/i0.wp.com\/hsv-ovenhausen.de\/hsv-neu\/wp-content\/uploads\/2025\/12\/Teil-I-Chronik-Schiesssport-HSV-Ovenhausen-36.jpg?fit=1200%2C1028&resize=525%2C300 1.5x, https:\/\/i0.wp.com\/hsv-ovenhausen.de\/hsv-neu\/wp-content\/uploads\/2025\/12\/Teil-I-Chronik-Schiesssport-HSV-Ovenhausen-36.jpg?fit=1200%2C1028&resize=700%2C400 2x, https:\/\/i0.wp.com\/hsv-ovenhausen.de\/hsv-neu\/wp-content\/uploads\/2025\/12\/Teil-I-Chronik-Schiesssport-HSV-Ovenhausen-36.jpg?fit=1200%2C1028&resize=1050%2C600 3x"},"classes":[]},{"id":2381,"url":"\/?page_id=2381","url_meta":{"origin":2387,"position":3},"title":"2016","author":"Martin Bahr","date":"9. Oktober 2016","format":false,"excerpt":"Martin Bahr erringt bei den Deutschen Meisterschaften KK 50 Meter in Hannover die Bronzemedaille und die Mannschaft des HSV Ovenhausen belegt Platz 4. Der HSV Ovenhausen sorgt bei den Deutschen Meisterschaften KK 50 Meter in Hannover f\u00fcr eine kleine Sensation. Erstmals konnte sich die Mannschaft des HSV f\u00fcr die DM\u2026","rel":"","context":"\u00c4hnlicher Beitrag","block_context":{"text":"\u00c4hnlicher Beitrag","link":""},"img":{"alt_text":"img-20161006-wa0062","src":"https:\/\/i0.wp.com\/hsv-ovenhausen.de\/hsv-neu\/wp-content\/uploads\/2016\/10\/IMG-20161006-WA0062-225x300.jpg?resize=350%2C200","width":350,"height":200},"classes":[]},{"id":1533,"url":"\/?page_id=1533","url_meta":{"origin":2387,"position":4},"title":"2015","author":"Martin Bahr","date":"15. April 2016","format":false,"excerpt":"Senioren A - Luftgewehr 10 Meter Die Sch\u00fctzen Ewald Hanke - Martin Bahr und Elmar Dr\u00fcke schossen\u00a0bei den diesj\u00e4hrigen Kreismeisterschaften den Kreisrekord. \u00a0Mit sagenhaften 899 von 900 M\u00f6glichen verwiesen Sie die Konkurrenz in die Schranken. In der Einzelwertung belegten die Sch\u00fctzen auch gleich die ersten drei Pl\u00e4tze. Kreismeister wurde Martin\u2026","rel":"","context":"\u00c4hnlicher Beitrag","block_context":{"text":"\u00c4hnlicher Beitrag","link":""},"img":{"alt_text":"DSC_6684_pp","src":"https:\/\/i0.wp.com\/hsv-ovenhausen.de\/hsv-neu\/wp-content\/uploads\/2016\/04\/DSC_6684_pp-3-300x200.jpg?resize=350%2C200","width":350,"height":200},"classes":[]},{"id":2543,"url":"\/?page_id=2543","url_meta":{"origin":2387,"position":5},"title":"2017","author":"Martin Bahr","date":"6. Januar 2017","format":false,"excerpt":"In Warburg wurden die Kreismeisterschaften in der Disziplin KK 100 Meter geschossen. In der derzeitigen \"Paradedisziplin\" des HSV Ovenhausen zeigten die amtierenden Deutschen Meister Ihre gro\u00dfe Klasse und gewannen vor dem BSV \u00a0Brakel. 1 - HSV Ovenhausen \u00a0\u00a0\u00a0 \u00a0895 Ring 2 - BSV Brakel e.V. \u00a0\u00a0\u00a0\u00a0\u00a0\u00a0\u00a0 885 Ring Zur Info:\u2026","rel":"","context":"\u00c4hnlicher Beitrag","block_context":{"text":"\u00c4hnlicher Beitrag","link":""},"img":{"alt_text":"","src":"https:\/\/i0.wp.com\/hsv-ovenhausen.de\/hsv-neu\/wp-content\/uploads\/2017\/01\/1111120151018_154136-300x180.jpg?resize=350%2C200","width":350,"height":200,"srcset":"https:\/\/i0.wp.com\/hsv-ovenhausen.de\/hsv-neu\/wp-content\/uploads\/2017\/01\/1111120151018_154136-300x180.jpg?resize=350%2C200 1x, https:\/\/i0.wp.com\/hsv-ovenhausen.de\/hsv-neu\/wp-content\/uploads\/2017\/01\/1111120151018_154136-300x180.jpg?resize=525%2C300 1.5x"},"classes":[]}],"_links":{"self":[{"href":"\/index.php?rest_route=\/wp\/v2\/pages\/2387","targetHints":{"allow":["GET"]}}],"collection":[{"href":"\/index.php?rest_route=\/wp\/v2\/pages"}],"about":[{"href":"\/index.php?rest_route=\/wp\/v2\/types\/page"}],"author":[{"embeddable":true,"href":"\/index.php?rest_route=\/wp\/v2\/users\/6"}],"replies":[{"embeddable":true,"href":"\/index.php?rest_route=%2Fwp%2Fv2%2Fcomments&post=2387"}],"version-history":[{"count":10,"href":"\/index.php?rest_route=\/wp\/v2\/pages\/2387\/revisions"}],"predecessor-version":[{"id":2569,"href":"\/index.php?rest_route=\/wp\/v2\/pages\/2387\/revisions\/2569"}],"up":[{"embeddable":true,"href":"\/index.php?rest_route=\/wp\/v2\/pages\/2385"}],"wp:attachment":[{"href":"\/index.php?rest_route=%2Fwp%2Fv2%2Fmedia&parent=2387"}],"curies":[{"name":"wp","href":"https:\/\/api.w.org\/{rel}","templated":true}]}}